{"id":46482,"date":"2026-03-30T15:48:18","date_gmt":"2026-03-30T13:48:18","guid":{"rendered":"https:\/\/tom-mallorca.com\/contacto\/anfahrt-palma\/"},"modified":"2026-03-30T15:54:58","modified_gmt":"2026-03-30T13:54:58","slug":"llegar-palma","status":"publish","type":"page","link":"https:\/\/tom-mallorca.com\/es\/contacto\/llegar-palma\/","title":{"rendered":"Llegar a Palma"},"content":{"rendered":"<p>[et_pb_section fb_built=\u00bb1&#8243; admin_label=\u00bbHero\u00bb _builder_version=\u00bb4.16&#8243; custom_padding=\u00bb100px|0px|100px|0px|true|false\u00bb bottom_divider_height=\u00bb0px\u00bb global_colors_info=\u00bb{}\u00bb][et_pb_row _builder_version=\u00bb4.27.6&#8243; custom_margin=\u00bb|||\u00bb custom_margin_tablet=\u00bb||0px|\u00bb custom_margin_last_edited=\u00bboff|desktop\u00bb custom_padding=\u00bb|||\u00bb global_colors_info=\u00bb{}\u00bb][et_pb_column type=\u00bb4_4&#8243; _builder_version=\u00bb4.27.6&#8243; custom_padding=\u00bb|||\u00bb custom_padding_tablet=\u00bb0px|50px|50px|50px\u00bb custom_padding_last_edited=\u00bboff|desktop\u00bb global_colors_info=\u00bb{}\u00bb padding_tablet=\u00bb0px|50px|50px|50px\u00bb padding_last_edited=\u00bboff|desktop\u00bb custom_padding__hover=\u00bb|||\u00bb][et_pb_text _builder_version=\u00bb4.27.6&#8243; text_font=\u00bb|300|||||||\u00bb text_text_color=\u00bb#677a92&#8243; text_font_size=\u00bb16px\u00bb text_line_height=\u00bb1.8em\u00bb header_font=\u00bb|600|||||||\u00bb header_font_size=\u00bb34px\u00bb header_line_height=\u00bb1.3em\u00bb header_2_font=\u00bb||||||||\u00bb max_width=\u00bb750px\u00bb custom_margin=\u00bb|||\u00bb custom_margin_tablet=\u00bb0px|50px||50px\u00bb custom_margin_phone=\u00bb|20px||\u00bb custom_margin_last_edited=\u00bboff|desktop\u00bb custom_padding=\u00bb|||\u00bb text_line_height_tablet=\u00bb1.8em\u00bb text_line_height_phone=\u00bb1.8em\u00bb text_line_height_last_edited=\u00bbon|phone\u00bb header_font_size_tablet=\u00bb\u00bb header_font_size_phone=\u00bb36px\u00bb header_font_size_last_edited=\u00bbon|phone\u00bb header_2_font_size_phone=\u00bb30px\u00bb header_2_font_size_last_edited=\u00bboff|desktop\u00bb locked=\u00bboff\u00bb global_colors_info=\u00bb{}\u00bb]<\/p>\n<h1>As\u00ed encontrar\u00e1 nuestra consulta en Palma<\/h1>\n<p>[\/et_pb_text][et_pb_text _builder_version=\u00bb4.27.6&#8243; text_font=\u00bb||||||||\u00bb text_font_size=\u00bb16px\u00bb text_line_height=\u00bb2em\u00bb link_font=\u00bb||||||||\u00bb ul_font=\u00bb||||||||\u00bb ol_font=\u00bb||||||||\u00bb quote_font=\u00bb||||||||\u00bb header_font=\u00bb||||||||\u00bb header_2_font=\u00bbMontserrat|300|||||||\u00bb header_2_text_color=\u00bb#212d3b\u00bb header_2_font_size=\u00bb40px\u00bb header_2_line_height=\u00bb1.5em\u00bb custom_margin=\u00bb|||\u00bb custom_margin_tablet=\u00bb0px|50px||50px\u00bb custom_margin_last_edited=\u00bboff|desktop\u00bb custom_padding=\u00bb|||\u00bb hover_enabled=\u00bb0&#8243; locked=\u00bboff\u00bb global_colors_info=\u00bb{}\u00bb sticky_enabled=\u00bb0&#8243;]<\/p>\n<div>La consulta de TOM Palma se encuentra en el recinto de la cl\u00ednica Quir\u00f3n Palmaplanas, justo al lado de la V\u00eda de Cintura. Tome la salida 5B (Valdemossa\/Universidad UIB), salga de la autov\u00eda y, desde la rotonda, gire directamente hacia el recinto de la cl\u00ednica. <\/div>\n<div>A la izquierda de la entrada, bien visible desde la V\u00eda de Cintura, se encuentra el complejo de edificios negros de la aseguradora MAPFRE. All\u00ed encontrar\u00e1 nuestras instalaciones <strong>en el edificio 3A, en la 3.\u00aa planta.<\/strong> <\/div>\n<p>[\/et_pb_text][et_pb_code _builder_version=\u00bb4.27.4&#8243; _module_preset=\u00bbdefault\u00bb global_colors_info=\u00bb{}\u00bb][\/et_pb_code][\/et_pb_column][\/et_pb_row][et_pb_row column_structure=\u00bb1_3,1_3,1_3&#8243; _builder_version=\u00bb4.27.6&#8243; _module_preset=\u00bbdefault\u00bb global_colors_info=\u00bb{}\u00bb][et_pb_column type=\u00bb1_3&#8243; _builder_version=\u00bb4.27.6&#8243; _module_preset=\u00bbdefault\u00bb global_colors_info=\u00bb{}\u00bb][et_pb_image src=\u00bbhttps:\/\/tom-mallorca.com\/new\/wp-content\/uploads\/2026\/03\/Bild1-Gebaeude-768&#215;1024.jpg\u00bb title_text=\u00bbBild1 Gebaeude\u00bb _builder_version=\u00bb4.27.6&#8243; _module_preset=\u00bbdefault\u00bb border_radii=\u00bbon|20px|20px|20px|20px\u00bb global_colors_info=\u00bb{}\u00bb][\/et_pb_image][\/et_pb_column][et_pb_column type=\u00bb1_3&#8243; _builder_version=\u00bb4.27.6&#8243; _module_preset=\u00bbdefault\u00bb global_colors_info=\u00bb{}\u00bb][et_pb_image src=\u00bbhttps:\/\/tom-mallorca.com\/new\/wp-content\/uploads\/2026\/03\/Bild2-Eingang-768&#215;1024.jpg\u00bb title_text=\u00bbBild2 Eingang\u00bb _builder_version=\u00bb4.27.6&#8243; _module_preset=\u00bbdefault\u00bb hover_enabled=\u00bb0&#8243; border_radii=\u00bbon|20px|20px|20px|20px\u00bb global_colors_info=\u00bb{}\u00bb sticky_enabled=\u00bb0&#8243;][\/et_pb_image][\/et_pb_column][et_pb_column type=\u00bb1_3&#8243; _builder_version=\u00bb4.27.6&#8243; _module_preset=\u00bbdefault\u00bb global_colors_info=\u00bb{}\u00bb][et_pb_image src=\u00bbhttps:\/\/tom-mallorca.com\/new\/wp-content\/uploads\/2026\/03\/Bild3_Eingang-768&#215;1024.jpg\u00bb title_text=\u00bbBild3_Eingang\u00bb _builder_version=\u00bb4.27.6&#8243; _module_preset=\u00bbdefault\u00bb hover_enabled=\u00bb0&#8243; border_radii=\u00bbon|20px|20px|20px|20px\u00bb global_colors_info=\u00bb{}\u00bb sticky_enabled=\u00bb0&#8243;][\/et_pb_image][\/et_pb_column][\/et_pb_row][et_pb_row _builder_version=\u00bb4.27.6&#8243; _module_preset=\u00bbdefault\u00bb global_colors_info=\u00bb{}\u00bb][et_pb_column type=\u00bb4_4&#8243; _builder_version=\u00bb4.27.6&#8243; _module_preset=\u00bbdefault\u00bb global_colors_info=\u00bb{}\u00bb][et_pb_text _builder_version=\u00bb4.27.6&#8243; _module_preset=\u00bbdefault\u00bb text_font=\u00bb&#8211;et_global_body_font||||||||\u00bb text_font_size=\u00bb16px\u00bb global_colors_info=\u00bb{}\u00bb]<\/p>\n<p>Tambi\u00e9n puede utilizar el planificador de rutas de Google. <\/p>\n<p>[\/et_pb_text][et_pb_button button_url=\u00bbhttps:\/\/www.google.com\/maps\/dir\/?api=1&amp;destination=Cam\u00ed+dels+Reis,+308,+Nord,+07011+Palma,+Illes+Balears,+Spanien\u00bb url_new_window=\u00bbon\u00bb button_text=\u00bbIr directamente al planificador de rutas\u00bb _builder_version=\u00bb4.27.6&#8243; _module_preset=\u00bbdefault\u00bb global_colors_info=\u00bb{}\u00bb][\/et_pb_button][et_pb_code _builder_version=\u00bb4.27.6&#8243; _module_preset=\u00bbdefault\u00bb global_colors_info=\u00bb{}\u00bb] <\/p>\n<div class=\"brlbs-cmpnt-container brlbs-cmpnt-content-blocker brlbs-cmpnt-with-individual-styles\" data-borlabs-cookie-content-blocker-id=\"google-maps\" data-borlabs-cookie-content=\"PGlmcmFtZSBzcmM9Imh0dHBzOi8vd3d3Lmdvb2dsZS5jb20vbWFwcy9lbWJlZD9wYj0hMW0xNCExbTghMW0zITFkMTIyOTcuMjk0ODE2OTU3MzAzITJkMi42NDQxMzk0ITNkMzkuNTk3Mzg5OSEzbTIhMWkxMDI0ITJpNzY4ITRmMTMuMSEzbTMhMW0yITFzMHgwJTNBMHg3NmQxMTk3YjNhZmUwNzM1ITJzVE9NJTIwTWFsbG9yY2ElMjAtJTIwVHJhdW1hdG9sb2dpZSUyMCUyNiUyME9ydGhvcCVDMyVBNGRpZSE1ZTAhM20yITFzZW4hMnNkZSE0djE2NjczOTg0MjUwODkhNW0yITFzZW4hMnNkZSIgd2lkdGg9IjEwMCUiIGhlaWdodD0iNTAwIiBzdHlsZT0iYm9yZGVyOjA7IiBhbGxvd2Z1bGxzY3JlZW49IiIgbG9hZGluZz0ibGF6eSIgcmVmZXJyZXJwb2xpY3k9Im5vLXJlZmVycmVyLXdoZW4tZG93bmdyYWRlIj48L2lmcmFtZT4=\">\n<div class=\"brlbs-cmpnt-cb-preset-b brlbs-cmpnt-cb-google-maps\">\n<div class=\"brlbs-cmpnt-cb-thumbnail\" style=\"background-image: url('https:\/\/tom-mallorca.com\/new\/wp-content\/uploads\/borlabs-cookie\/1\/brlbs-cb-google-maps-main.png')\"><\/div>\n<div class=\"brlbs-cmpnt-cb-main\">\n<div class=\"brlbs-cmpnt-cb-content\">\n<p class=\"brlbs-cmpnt-cb-description\">Est\u00e1s viendo un contenido de marcador de posici\u00f3n de <strong>Google Maps<\/strong>. Para acceder al contenido real, haz clic en el siguiente bot\u00f3n. Ten en cuenta que al hacerlo compartir\u00e1s datos con terceros proveedores.<\/p>\n<p> <a class=\"brlbs-cmpnt-cb-provider-toggle\" href=\"#\" data-borlabs-cookie-show-provider-information role=\"button\">M\u00e1s informaci\u00f3n<\/a> <\/div>\n<div class=\"brlbs-cmpnt-cb-buttons\"> <a class=\"brlbs-cmpnt-cb-btn\" href=\"#\" data-borlabs-cookie-unblock role=\"button\">Desbloquear contenido<\/a> <a class=\"brlbs-cmpnt-cb-btn\" href=\"#\" data-borlabs-cookie-accept-service role=\"button\" style=\"display: inherit\">Aceptar el servicio requerido y desbloquear los contenidos<\/a> <\/div>\n<\/p><\/div>\n<\/p><\/div>\n<\/div>\n<p>[\/et_pb_code][\/et_pb_column][\/et_pb_row][\/et_pb_section]<\/p>\n","protected":false},"excerpt":{"rendered":"<p>As\u00ed encontrar\u00e1 nuestra consulta en PalmaLa consulta de TOM Palma se encuentra en el recinto de la cl\u00ednica Quir\u00f3n Palmaplanas, justo al lado de la V\u00eda de Cintura. Tome la salida 5B (Valdemossa\/Universidad UIB), salga de la autov\u00eda y, desde la rotonda, gire directamente hacia el recinto de la cl\u00ednica. A la izquierda de la [&hellip;]<\/p>\n","protected":false},"author":1,"featured_media":0,"parent":43035,"menu_order":0,"comment_status":"closed","ping_status":"closed","template":"","meta":{"_et_pb_use_builder":"on","_et_pb_old_content":"","_et_gb_content_width":"","footnotes":""},"class_list":["post-46482","page","type-page","status-publish","hentry"],"yoast_head":"<!-- This site is optimized with the Yoast SEO plugin v27.3 - https:\/\/yoast.com\/product\/yoast-seo-wordpress\/ -->\n<title>Llegar a Palma - Traumatologie und Orthop\u00e4die Mallorca<\/title>\n<meta name=\"description\" content=\"P\u00f3ngase en contacto con nosotros para aclarar cualquier duda o concertar una cita en nuestra consulta de ortopedia en Mallorca.\" \/>\n<meta name=\"robots\" content=\"index, follow, max-snippet:-1, max-image-preview:large, max-video-preview:-1\" \/>\n<link rel=\"canonical\" href=\"https:\/\/tom-mallorca.com\/es\/contacto\/llegar-palma\/\" \/>\n<meta property=\"og:locale\" content=\"es_ES\" \/>\n<meta property=\"og:type\" content=\"article\" \/>\n<meta property=\"og:title\" content=\"Llegar a Palma - Traumatologie und Orthop\u00e4die Mallorca\" \/>\n<meta property=\"og:description\" content=\"P\u00f3ngase en contacto con nosotros para aclarar cualquier duda o concertar una cita en nuestra consulta de ortopedia en Mallorca.\" \/>\n<meta property=\"og:url\" content=\"https:\/\/tom-mallorca.com\/es\/contacto\/llegar-palma\/\" \/>\n<meta property=\"og:site_name\" content=\"Traumatologie und Orthop\u00e4die Mallorca\" \/>\n<meta property=\"article:publisher\" content=\"https:\/\/www.facebook.com\/Mallorca-Special-Surgery-103272311971779\" \/>\n<meta property=\"article:modified_time\" content=\"2026-03-30T13:54:58+00:00\" \/>\n<meta name=\"twitter:card\" content=\"summary_large_image\" \/>\n<meta name=\"twitter:label1\" content=\"Tiempo de lectura\" \/>\n\t<meta name=\"twitter:data1\" content=\"3 minutos\" \/>\n<script type=\"application\/ld+json\" class=\"yoast-schema-graph\">{\"@context\":\"https:\\\/\\\/schema.org\",\"@graph\":[{\"@type\":\"WebPage\",\"@id\":\"https:\\\/\\\/tom-mallorca.com\\\/es\\\/contacto\\\/llegar-palma\\\/\",\"url\":\"https:\\\/\\\/tom-mallorca.com\\\/es\\\/contacto\\\/llegar-palma\\\/\",\"name\":\"Llegar a Palma - Traumatologie und Orthop\u00e4die Mallorca\",\"isPartOf\":{\"@id\":\"https:\\\/\\\/tom-mallorca.com\\\/es\\\/#website\"},\"datePublished\":\"2026-03-30T13:48:18+00:00\",\"dateModified\":\"2026-03-30T13:54:58+00:00\",\"description\":\"P\u00f3ngase en contacto con nosotros para aclarar cualquier duda o concertar una cita en nuestra consulta de ortopedia en Mallorca.\",\"breadcrumb\":{\"@id\":\"https:\\\/\\\/tom-mallorca.com\\\/es\\\/contacto\\\/llegar-palma\\\/#breadcrumb\"},\"inLanguage\":\"es\",\"potentialAction\":[{\"@type\":\"ReadAction\",\"target\":[\"https:\\\/\\\/tom-mallorca.com\\\/es\\\/contacto\\\/llegar-palma\\\/\"]}]},{\"@type\":\"BreadcrumbList\",\"@id\":\"https:\\\/\\\/tom-mallorca.com\\\/es\\\/contacto\\\/llegar-palma\\\/#breadcrumb\",\"itemListElement\":[{\"@type\":\"ListItem\",\"position\":1,\"name\":\"Startseite\",\"item\":\"https:\\\/\\\/tom-mallorca.com\\\/es\\\/\"},{\"@type\":\"ListItem\",\"position\":2,\"name\":\"Contacto\",\"item\":\"https:\\\/\\\/tom-mallorca.com\\\/es\\\/contacto\\\/\"},{\"@type\":\"ListItem\",\"position\":3,\"name\":\"Llegar a Palma\"}]},{\"@type\":\"WebSite\",\"@id\":\"https:\\\/\\\/tom-mallorca.com\\\/es\\\/#website\",\"url\":\"https:\\\/\\\/tom-mallorca.com\\\/es\\\/\",\"name\":\"Traumatologie und Orthop\u00e4die Mallorca\",\"description\":\"Dr. Patric Garcia\",\"publisher\":{\"@id\":\"https:\\\/\\\/tom-mallorca.com\\\/es\\\/#organization\"},\"potentialAction\":[{\"@type\":\"SearchAction\",\"target\":{\"@type\":\"EntryPoint\",\"urlTemplate\":\"https:\\\/\\\/tom-mallorca.com\\\/es\\\/?s={search_term_string}\"},\"query-input\":{\"@type\":\"PropertyValueSpecification\",\"valueRequired\":true,\"valueName\":\"search_term_string\"}}],\"inLanguage\":\"es\"},{\"@type\":\"Organization\",\"@id\":\"https:\\\/\\\/tom-mallorca.com\\\/es\\\/#organization\",\"name\":\"Traumatologie und Orthop\u00e4die Mallorca\",\"url\":\"https:\\\/\\\/tom-mallorca.com\\\/es\\\/\",\"logo\":{\"@type\":\"ImageObject\",\"inLanguage\":\"es\",\"@id\":\"https:\\\/\\\/tom-mallorca.com\\\/es\\\/#\\\/schema\\\/logo\\\/image\\\/\",\"url\":\"https:\\\/\\\/tom-mallorca.com\\\/new\\\/wp-content\\\/uploads\\\/2022\\\/10\\\/TOM_Logo_farbig-DE_RZ.png\",\"contentUrl\":\"https:\\\/\\\/tom-mallorca.com\\\/new\\\/wp-content\\\/uploads\\\/2022\\\/10\\\/TOM_Logo_farbig-DE_RZ.png\",\"width\":1113,\"height\":590,\"caption\":\"Traumatologie und Orthop\u00e4die Mallorca\"},\"image\":{\"@id\":\"https:\\\/\\\/tom-mallorca.com\\\/es\\\/#\\\/schema\\\/logo\\\/image\\\/\"},\"sameAs\":[\"https:\\\/\\\/www.facebook.com\\\/Mallorca-Special-Surgery-103272311971779\",\"https:\\\/\\\/www.instagram.com\\\/mallorcaspecialsurgery\\\/\",\"https:\\\/\\\/linkedin.com\\\/company\\\/mallorca-special-surgery\"]}]}<\/script>\n<!-- \/ Yoast SEO plugin. -->","yoast_head_json":{"title":"Llegar a Palma - Traumatologie und Orthop\u00e4die Mallorca","description":"P\u00f3ngase en contacto con nosotros para aclarar cualquier duda o concertar una cita en nuestra consulta de ortopedia en Mallorca.","robots":{"index":"index","follow":"follow","max-snippet":"max-snippet:-1","max-image-preview":"max-image-preview:large","max-video-preview":"max-video-preview:-1"},"canonical":"https:\/\/tom-mallorca.com\/es\/contacto\/llegar-palma\/","og_locale":"es_ES","og_type":"article","og_title":"Llegar a Palma - Traumatologie und Orthop\u00e4die Mallorca","og_description":"P\u00f3ngase en contacto con nosotros para aclarar cualquier duda o concertar una cita en nuestra consulta de ortopedia en Mallorca.","og_url":"https:\/\/tom-mallorca.com\/es\/contacto\/llegar-palma\/","og_site_name":"Traumatologie und Orthop\u00e4die Mallorca","article_publisher":"https:\/\/www.facebook.com\/Mallorca-Special-Surgery-103272311971779","article_modified_time":"2026-03-30T13:54:58+00:00","twitter_card":"summary_large_image","twitter_misc":{"Tiempo de lectura":"3 minutos"},"schema":{"@context":"https:\/\/schema.org","@graph":[{"@type":"WebPage","@id":"https:\/\/tom-mallorca.com\/es\/contacto\/llegar-palma\/","url":"https:\/\/tom-mallorca.com\/es\/contacto\/llegar-palma\/","name":"Llegar a Palma - Traumatologie und Orthop\u00e4die Mallorca","isPartOf":{"@id":"https:\/\/tom-mallorca.com\/es\/#website"},"datePublished":"2026-03-30T13:48:18+00:00","dateModified":"2026-03-30T13:54:58+00:00","description":"P\u00f3ngase en contacto con nosotros para aclarar cualquier duda o concertar una cita en nuestra consulta de ortopedia en Mallorca.","breadcrumb":{"@id":"https:\/\/tom-mallorca.com\/es\/contacto\/llegar-palma\/#breadcrumb"},"inLanguage":"es","potentialAction":[{"@type":"ReadAction","target":["https:\/\/tom-mallorca.com\/es\/contacto\/llegar-palma\/"]}]},{"@type":"BreadcrumbList","@id":"https:\/\/tom-mallorca.com\/es\/contacto\/llegar-palma\/#breadcrumb","itemListElement":[{"@type":"ListItem","position":1,"name":"Startseite","item":"https:\/\/tom-mallorca.com\/es\/"},{"@type":"ListItem","position":2,"name":"Contacto","item":"https:\/\/tom-mallorca.com\/es\/contacto\/"},{"@type":"ListItem","position":3,"name":"Llegar a Palma"}]},{"@type":"WebSite","@id":"https:\/\/tom-mallorca.com\/es\/#website","url":"https:\/\/tom-mallorca.com\/es\/","name":"Traumatologie und Orthop\u00e4die Mallorca","description":"Dr. Patric Garcia","publisher":{"@id":"https:\/\/tom-mallorca.com\/es\/#organization"},"potentialAction":[{"@type":"SearchAction","target":{"@type":"EntryPoint","urlTemplate":"https:\/\/tom-mallorca.com\/es\/?s={search_term_string}"},"query-input":{"@type":"PropertyValueSpecification","valueRequired":true,"valueName":"search_term_string"}}],"inLanguage":"es"},{"@type":"Organization","@id":"https:\/\/tom-mallorca.com\/es\/#organization","name":"Traumatologie und Orthop\u00e4die Mallorca","url":"https:\/\/tom-mallorca.com\/es\/","logo":{"@type":"ImageObject","inLanguage":"es","@id":"https:\/\/tom-mallorca.com\/es\/#\/schema\/logo\/image\/","url":"https:\/\/tom-mallorca.com\/new\/wp-content\/uploads\/2022\/10\/TOM_Logo_farbig-DE_RZ.png","contentUrl":"https:\/\/tom-mallorca.com\/new\/wp-content\/uploads\/2022\/10\/TOM_Logo_farbig-DE_RZ.png","width":1113,"height":590,"caption":"Traumatologie und Orthop\u00e4die Mallorca"},"image":{"@id":"https:\/\/tom-mallorca.com\/es\/#\/schema\/logo\/image\/"},"sameAs":["https:\/\/www.facebook.com\/Mallorca-Special-Surgery-103272311971779","https:\/\/www.instagram.com\/mallorcaspecialsurgery\/","https:\/\/linkedin.com\/company\/mallorca-special-surgery"]}]}},"_links":{"self":[{"href":"https:\/\/tom-mallorca.com\/es\/wp-json\/wp\/v2\/pages\/46482","targetHints":{"allow":["GET"]}}],"collection":[{"href":"https:\/\/tom-mallorca.com\/es\/wp-json\/wp\/v2\/pages"}],"about":[{"href":"https:\/\/tom-mallorca.com\/es\/wp-json\/wp\/v2\/types\/page"}],"author":[{"embeddable":true,"href":"https:\/\/tom-mallorca.com\/es\/wp-json\/wp\/v2\/users\/1"}],"replies":[{"embeddable":true,"href":"https:\/\/tom-mallorca.com\/es\/wp-json\/wp\/v2\/comments?post=46482"}],"version-history":[{"count":3,"href":"https:\/\/tom-mallorca.com\/es\/wp-json\/wp\/v2\/pages\/46482\/revisions"}],"predecessor-version":[{"id":46488,"href":"https:\/\/tom-mallorca.com\/es\/wp-json\/wp\/v2\/pages\/46482\/revisions\/46488"}],"up":[{"embeddable":true,"href":"https:\/\/tom-mallorca.com\/es\/wp-json\/wp\/v2\/pages\/43035"}],"wp:attachment":[{"href":"https:\/\/tom-mallorca.com\/es\/wp-json\/wp\/v2\/media?parent=46482"}],"curies":[{"name":"wp","href":"https:\/\/api.w.org\/{rel}","templated":true}]}}