{"id":43102,"date":"2022-11-03T10:31:33","date_gmt":"2022-11-03T09:31:33","guid":{"rendered":"https:\/\/tom-mallorca.com\/new\/nueva-cadera\/vor-der-op\/"},"modified":"2023-01-03T19:36:39","modified_gmt":"2023-01-03T18:36:39","slug":"antes-intervencion","status":"publish","type":"page","link":"https:\/\/tom-mallorca.com\/es\/nueva-cadera\/antes-intervencion\/","title":{"rendered":"Antes de la intervenci\u00f3n"},"content":{"rendered":"<p>[et_pb_section fb_built=\u00bb1&#8243; admin_label=\u00bbHero\u00bb _builder_version=\u00bb4.18.1&#8243; custom_padding=\u00bb0|0px|0px|0px|false|false\u00bb bottom_divider_height=\u00bb0px\u00bb border_width_bottom=\u00bb1px\u00bb border_color_bottom=\u00bb#efefef\u00bb global_colors_info=\u00bb{}\u00bb][et_pb_row column_structure=\u00bb1_2,1_2&#8243; _builder_version=\u00bb4.18.1&#8243; width=\u00bb100%\u00bb max_width=\u00bb100%\u00bb custom_margin=\u00bb|||\u00bb custom_margin_tablet=\u00bb||0px|\u00bb custom_margin_phone=\u00bb\u00bb custom_margin_last_edited=\u00bbon|desktop\u00bb custom_padding=\u00bb0|0px|27px|0px|false|false\u00bb use_custom_width=\u00bbon\u00bb width_unit=\u00bboff\u00bb custom_width_percent=\u00bb100%\u00bb global_colors_info=\u00bb{}\u00bb][et_pb_column type=\u00bb1_2&#8243; _builder_version=\u00bb4.18.1&#8243; custom_padding=\u00bb6%||6%|10%|false|false\u00bb custom_padding_tablet=\u00bb50px|50px|50px|50px\u00bb custom_padding_phone=\u00bb50px|50px|50px|50px\u00bb custom_padding_last_edited=\u00bbon|tablet\u00bb global_colors_info=\u00bb{}\u00bb padding_tablet=\u00bb50px|50px|50px|50px\u00bb padding_last_edited=\u00bbon|tablet\u00bb custom_padding__hover=\u00bb|||\u00bb padding_phone=\u00bb50px|50px|50px|50px\u00bb][et_pb_text _builder_version=\u00bb4.18.1&#8243; text_font=\u00bbMontserrat|300|||||||\u00bb text_text_color=\u00bb#677a92&#8243; text_font_size=\u00bb16px\u00bb text_line_height=\u00bb1.8em\u00bb header_font=\u00bb|600|||||||\u00bb header_font_size=\u00bb34px\u00bb header_line_height=\u00bb1.3em\u00bb header_2_font=\u00bb||||||||\u00bb max_width=\u00bb600px\u00bb custom_margin=\u00bb|||\u00bb custom_margin_tablet=\u00bb0px|50px||50px\u00bb custom_margin_phone=\u00bb|20px||\u00bb custom_margin_last_edited=\u00bboff|desktop\u00bb custom_padding=\u00bb|||\u00bb text_line_height_tablet=\u00bb1.8em\u00bb text_line_height_phone=\u00bb1.8em\u00bb text_line_height_last_edited=\u00bbon|phone\u00bb header_font_size_tablet=\u00bb\u00bb header_font_size_phone=\u00bb36px\u00bb header_font_size_last_edited=\u00bbon|phone\u00bb header_2_font_size_phone=\u00bb30px\u00bb header_2_font_size_last_edited=\u00bboff|desktop\u00bb locked=\u00bboff\u00bb global_colors_info=\u00bb{}\u00bb]<\/p>\n<h1>Antes de la cirug\u00eda<\/h1>\n<p>[\/et_pb_text][et_pb_text _builder_version=\u00bb4.18.1&#8243; text_font=\u00bb||||||||\u00bb text_font_size=\u00bb16px\u00bb text_line_height=\u00bb2em\u00bb link_font=\u00bb||||||||\u00bb ul_font=\u00bb||||||||\u00bb ol_font=\u00bb||||||||\u00bb quote_font=\u00bb||||||||\u00bb header_font=\u00bb||||||||\u00bb header_2_font=\u00bbMontserrat|300|||||||\u00bb header_2_text_color=\u00bb#212d3b\u00bb header_2_font_size=\u00bb40px\u00bb header_2_line_height=\u00bb1.5em\u00bb max_width=\u00bb600px\u00bb module_alignment=\u00bbleft\u00bb custom_margin=\u00bb|||\u00bb custom_margin_tablet=\u00bb0px|50px||50px\u00bb custom_margin_last_edited=\u00bboff|desktop\u00bb custom_padding=\u00bb|||\u00bb locked=\u00bboff\u00bb global_colors_info=\u00bb{}\u00bb]La planificaci\u00f3n de la implantaci\u00f3n de la pr\u00f3tesis exacta es a base de im\u00e1genes de rayos x de la cadera y con un programa inform\u00e1tico especifico. Esto permite la simulaci\u00f3n de la intervenci\u00f3n en el ordenador para ocuparse de posibles particularidades del paciente antes de la operaci\u00f3n. Es muy importante que nos entregue todas sus informes m\u00e9dicos referente a antecedentes y\/o intervenciones anteriores. As\u00ed nos permite obtener una imagen completa de su condici\u00f3n m\u00e9dica.[\/et_pb_text][\/et_pb_column][et_pb_column type=\u00bb1_2&#8243; _builder_version=\u00bb4.18.1&#8243; custom_padding=\u00bb|||\u00bb global_colors_info=\u00bb{}\u00bb custom_padding__hover=\u00bb|||\u00bb][et_pb_image src=\u00bbhttps:\/\/tom-mallorca.com\/new\/wp-content\/uploads\/2022\/11\/Neue_Huefte_.psd_0002_vorderOP.jpg\u00bb title_text=\u00bbNeue_Hu\u0308fte_.psd_0002_vorderOP\u00bb force_fullwidth=\u00bbon\u00bb align_tablet=\u00bbcenter\u00bb align_phone=\u00bbcenter\u00bb align_last_edited=\u00bbon|desktop\u00bb _builder_version=\u00bb4.18.1&#8243; custom_margin=\u00bb|||\u00bb custom_padding=\u00bb|||\u00bb animation_style=\u00bbslide\u00bb animation_direction=\u00bbright\u00bb animation_intensity_slide=\u00bb5%\u00bb border_radii=\u00bb||||30vw\u00bb border_color_all=\u00bbgcid-abf34af9-ee4a-4f3a-b54b-ede11e0156fb\u00bb border_width_left=\u00bb2vw\u00bb border_color_left=\u00bbgcid-052f23fe-0f16-46de-a603-d7640dec3e54&#8243; box_shadow_style=\u00bbpreset4&#8243; box_shadow_horizontal=\u00bb-30px\u00bb box_shadow_vertical=\u00bb0px\u00bb box_shadow_color=\u00bbgcid-4e24f7f3-8976-46ad-8e49-197ba0659624&#8243; global_colors_info=\u00bb{%22gcid-4e24f7f3-8976-46ad-8e49-197ba0659624%22:%91%22box_shadow_color%22%93,%22gcid-abf34af9-ee4a-4f3a-b54b-ede11e0156fb%22:%91%22border_color_all%22%93,%22gcid-052f23fe-0f16-46de-a603-d7640dec3e54%22:%91%22border_color_left%22%93}\u00bb][\/et_pb_image][\/et_pb_column][\/et_pb_row][\/et_pb_section][et_pb_section fb_built=\u00bb1&#8243; _builder_version=\u00bb4.18.1&#8243; _module_preset=\u00bbdefault\u00bb global_colors_info=\u00bb{}\u00bb][et_pb_row _builder_version=\u00bb4.18.1&#8243; _module_preset=\u00bbdefault\u00bb global_colors_info=\u00bb{}\u00bb][et_pb_column type=\u00bb4_4&#8243; _builder_version=\u00bb4.18.1&#8243; _module_preset=\u00bbdefault\u00bb global_colors_info=\u00bb{}\u00bb][et_pb_text _builder_version=\u00bb4.18.1&#8243; _module_preset=\u00bbdefault\u00bb text_font_size=\u00bb16px\u00bb text_line_height=\u00bb2em\u00bb header_line_height=\u00bb2em\u00bb header_4_line_height=\u00bb2em\u00bb global_colors_info=\u00bb{}\u00bb]<\/p>\n<h4>Los siguientes pasos hay que seguir antes de la intervenci\u00f3n:<\/h4>\n<ul>\n<li>Examen cl\u00ednico detallado y consulta, incluido el diagn\u00f3stico de rayos X actual<\/li>\n<li>Pruebas de laboratorio actuales<\/li>\n<li>Electrocardiograma (ECG)<\/li>\n<li>Explicaci\u00f3n quir\u00fargica de la operaci\u00f3n prevista<\/li>\n<li>Briefing anestesiol\u00f3gico para la cirug\u00eda planificada<\/li>\n<li>Desde 5 d\u00edas antes de la fecha prevista para la operaci\u00f3n, la higiene personal de la regi\u00f3n \u00edntima y de la ingle solo debe realizarse con una loci\u00f3n de lavado antis\u00e9ptica especial.<\/li>\n<li>Por favor, no se afeite el \u00e1rea \u00edntima y las regiones de la ingle antes de la operaci\u00f3n. Cualquier vello que deba eliminarse lo realiza el personal quir\u00fargico inmediatamente antes de la operaci\u00f3n.<\/li>\n<\/ul>\n<p>La admisi\u00f3n de pacientes internados en el hospital generalmente se lleva a cabo el d\u00eda de la operaci\u00f3n. No obstante, si el paciente lo desea o si llega usted, el ingreso hospitalario tambi\u00e9n puede realizarse el d\u00eda anterior.<\/p>\n<p>Cualquiera que fume y logre dejar de fumar unas semanas antes de la cirug\u00eda puede ayudar en su recuperaci\u00f3n. Las heridas sanan mejor despu\u00e9s de dejar de fumar.<\/p>\n<p>[\/et_pb_text][\/et_pb_column][\/et_pb_row][\/et_pb_section][et_pb_section fb_built=\u00bb1&#8243; _builder_version=\u00bb4.18.1&#8243; background_color=\u00bbgcid-4e24f7f3-8976-46ad-8e49-197ba0659624&#8243; custom_padding=\u00bb100px|0px|80px|0px|false|false\u00bb locked=\u00bboff\u00bb global_colors_info=\u00bb{%22gcid-4e24f7f3-8976-46ad-8e49-197ba0659624%22:%91%22background_color%22%93}\u00bb][et_pb_row _builder_version=\u00bb4.16&#8243; custom_margin=\u00bb|||\u00bb custom_margin_tablet=\u00bb||0px|\u00bb custom_margin_phone=\u00bb\u00bb custom_margin_last_edited=\u00bbon|desktop\u00bb custom_padding=\u00bb|||\u00bb global_colors_info=\u00bb{}\u00bb][et_pb_column type=\u00bb4_4&#8243; _builder_version=\u00bb4.16&#8243; custom_padding=\u00bb|||\u00bb custom_padding_tablet=\u00bb0px|50px|50px|50px\u00bb custom_padding_last_edited=\u00bboff|desktop\u00bb global_colors_info=\u00bb{}\u00bb padding_tablet=\u00bb0px|50px|50px|50px\u00bb padding_last_edited=\u00bboff|desktop\u00bb custom_padding__hover=\u00bb|||\u00bb][et_pb_text _builder_version=\u00bb4.18.1&#8243; text_font=\u00bbMontserrat|300|||||||\u00bb text_font_size=\u00bb16px\u00bb text_line_height=\u00bb1.8em\u00bb header_font=\u00bb||||||||\u00bb header_2_font=\u00bb|600|||||||\u00bb header_2_font_size=\u00bb34px\u00bb header_2_line_height=\u00bb1.5em\u00bb custom_margin=\u00bb|||\u00bb custom_margin_tablet=\u00bb0px|50px||50px\u00bb custom_margin_last_edited=\u00bboff|desktop\u00bb custom_padding=\u00bb|||\u00bb header_2_font_size_tablet=\u00bb\u00bb header_2_font_size_phone=\u00bb30px\u00bb header_2_font_size_last_edited=\u00bbon|phone\u00bb global_colors_info=\u00bb{}\u00bb]<\/p>\n<h2>Todo lo que necesitas saber sobre la nueva cadera y la cirug\u00eda <\/h2>\n<p>[\/et_pb_text][\/et_pb_column][\/et_pb_row][et_pb_row column_structure=\u00bb1_3,1_3,1_3&#8243; _builder_version=\u00bb4.16&#8243; custom_padding=\u00bb|||\u00bb global_colors_info=\u00bb{}\u00bb][et_pb_column type=\u00bb1_3&#8243; _builder_version=\u00bb4.16&#8243; custom_padding=\u00bb|||\u00bb global_colors_info=\u00bb{}\u00bb custom_padding__hover=\u00bb|||\u00bb][et_pb_blurb title=\u00bbProcedimientos Quir\u00fargicos y Desarrollo\u00bb image=\u00bbhttps:\/\/tom-mallorca.com\/new\/wp-content\/uploads\/2022\/11\/Neue_Huefte_.psd_0001_Huefte.jpg\u00bb _builder_version=\u00bb4.19.4&#8243; _module_preset=\u00bbdefault\u00bb header_text_align=\u00bbcenter\u00bb background_color=\u00bb#FFFFFF\u00bb text_orientation=\u00bbcenter\u00bb custom_padding=\u00bb||20px||false|false\u00bb hover_enabled=\u00bb0&#8243; box_shadow_style=\u00bbpreset3&#8243; global_colors_info=\u00bb{}\u00bb url=\u00bb@ET-DC@eyJkeW5hbWljIjp0cnVlLCJjb250ZW50IjoicG9zdF9saW5rX3VybF9wYWdlIiwic2V0dGluZ3MiOnsicG9zdF9pZCI6IjQyMjA2In19@\u00bb _dynamic_attributes=\u00bburl,link_option_url\u00bb link_option_url=\u00bb@ET-DC@eyJkeW5hbWljIjp0cnVlLCJjb250ZW50IjoicG9zdF9saW5rX3VybF9wYWdlIiwic2V0dGluZ3MiOnsicG9zdF9pZCI6IjQyMjA2In19@\u00bb sticky_enabled=\u00bb0&#8243;][\/et_pb_blurb][\/et_pb_column][et_pb_column type=\u00bb1_3&#8243; _builder_version=\u00bb4.16&#8243; custom_padding=\u00bb|||\u00bb global_colors_info=\u00bb{}\u00bb custom_padding__hover=\u00bb|||\u00bb][et_pb_blurb title=\u00bbAMIS \u2013 la t\u00e9cnica quir\u00fargica\u00bb image=\u00bbhttps:\/\/tom-mallorca.com\/new\/wp-content\/uploads\/2022\/11\/AMIS_ES.jpg\u00bb _builder_version=\u00bb4.19.4&#8243; _module_preset=\u00bbdefault\u00bb header_text_align=\u00bbcenter\u00bb background_color=\u00bb#FFFFFF\u00bb text_orientation=\u00bbcenter\u00bb custom_padding=\u00bb||20px||false|false\u00bb hover_enabled=\u00bb0&#8243; box_shadow_style=\u00bbpreset3&#8243; global_colors_info=\u00bb{}\u00bb url=\u00bb@ET-DC@eyJkeW5hbWljIjp0cnVlLCJjb250ZW50IjoicG9zdF9saW5rX3VybF9wYWdlIiwic2V0dGluZ3MiOnsicG9zdF9pZCI6IjQyMjEzIn19@\u00bb _dynamic_attributes=\u00bburl,link_option_url\u00bb link_option_url=\u00bb@ET-DC@eyJkeW5hbWljIjp0cnVlLCJjb250ZW50IjoicG9zdF9saW5rX3VybF9wYWdlIiwic2V0dGluZ3MiOnsicG9zdF9pZCI6IjQyMjEzIn19@\u00bb sticky_enabled=\u00bb0&#8243;][\/et_pb_blurb][\/et_pb_column][et_pb_column type=\u00bb1_3&#8243; _builder_version=\u00bb4.16&#8243; custom_padding=\u00bb|||\u00bb global_colors_info=\u00bb{}\u00bb custom_padding__hover=\u00bb|||\u00bb][et_pb_blurb title=\u00bbBeneficios de AMIS\u00bb image=\u00bbhttps:\/\/tom-mallorca.com\/new\/wp-content\/uploads\/2022\/11\/Neue_Huefte_.psd_0003_VorteileAMIS.jpg\u00bb _builder_version=\u00bb4.19.4&#8243; _module_preset=\u00bbdefault\u00bb header_text_align=\u00bbcenter\u00bb background_color=\u00bb#FFFFFF\u00bb text_orientation=\u00bbcenter\u00bb custom_padding=\u00bb||20px||false|false\u00bb hover_enabled=\u00bb0&#8243; box_shadow_style=\u00bbpreset3&#8243; global_colors_info=\u00bb{}\u00bb url=\u00bb@ET-DC@eyJkeW5hbWljIjp0cnVlLCJjb250ZW50IjoicG9zdF9saW5rX3VybF9wYWdlIiwic2V0dGluZ3MiOnsicG9zdF9pZCI6IjQyMjI3In19@\u00bb _dynamic_attributes=\u00bburl,link_option_url\u00bb link_option_url=\u00bb@ET-DC@eyJkeW5hbWljIjp0cnVlLCJjb250ZW50IjoicG9zdF9saW5rX3VybF9wYWdlIiwic2V0dGluZ3MiOnsicG9zdF9pZCI6IjQyMjI3In19@\u00bb sticky_enabled=\u00bb0&#8243;][\/et_pb_blurb][\/et_pb_column][\/et_pb_row][et_pb_row column_structure=\u00bb1_3,1_3,1_3&#8243; _builder_version=\u00bb4.16&#8243; custom_padding=\u00bb|||\u00bb global_colors_info=\u00bb{}\u00bb][et_pb_column type=\u00bb1_3&#8243; _builder_version=\u00bb4.16&#8243; custom_padding=\u00bb|||\u00bb global_colors_info=\u00bb{}\u00bb custom_padding__hover=\u00bb|||\u00bb][et_pb_blurb title=\u00bbD\u00eda de la cirug\u00eda y hospital\u00bb image=\u00bbhttps:\/\/tom-mallorca.com\/new\/wp-content\/uploads\/2022\/11\/Neue_Huefte_.psd_0005_OPTag_Krankenhaus.jpg\u00bb _builder_version=\u00bb4.19.4&#8243; _module_preset=\u00bbdefault\u00bb header_text_align=\u00bbcenter\u00bb background_color=\u00bb#FFFFFF\u00bb text_orientation=\u00bbcenter\u00bb custom_padding=\u00bb||20px||false|false\u00bb hover_enabled=\u00bb0&#8243; box_shadow_style=\u00bbpreset3&#8243; global_colors_info=\u00bb{}\u00bb url=\u00bb@ET-DC@eyJkeW5hbWljIjp0cnVlLCJjb250ZW50IjoicG9zdF9saW5rX3VybF9wYWdlIiwic2V0dGluZ3MiOnsicG9zdF9pZCI6IjQyMjM1In19@\u00bb _dynamic_attributes=\u00bburl,link_option_url\u00bb link_option_url=\u00bb@ET-DC@eyJkeW5hbWljIjp0cnVlLCJjb250ZW50IjoicG9zdF9saW5rX3VybF9wYWdlIiwic2V0dGluZ3MiOnsicG9zdF9pZCI6IjQyMjM1In19@\u00bb sticky_enabled=\u00bb0&#8243;][\/et_pb_blurb][\/et_pb_column][et_pb_column type=\u00bb1_3&#8243; _builder_version=\u00bb4.16&#8243; custom_padding=\u00bb|||\u00bb global_colors_info=\u00bb{}\u00bb custom_padding__hover=\u00bb|||\u00bb][et_pb_blurb title=\u00bbDespu\u00e9s de la cirug\u00eda\u00bb image=\u00bbhttps:\/\/tom-mallorca.com\/new\/wp-content\/uploads\/2022\/11\/Neue_Huefte_.psd_0000_Reha.jpg\u00bb _builder_version=\u00bb4.19.4&#8243; _module_preset=\u00bbdefault\u00bb header_text_align=\u00bbcenter\u00bb background_color=\u00bb#FFFFFF\u00bb text_orientation=\u00bbcenter\u00bb custom_padding=\u00bb||20px||false|false\u00bb hover_enabled=\u00bb0&#8243; box_shadow_style=\u00bbpreset3&#8243; global_colors_info=\u00bb{}\u00bb url=\u00bb@ET-DC@eyJkeW5hbWljIjp0cnVlLCJjb250ZW50IjoicG9zdF9saW5rX3VybF9wYWdlIiwic2V0dGluZ3MiOnsicG9zdF9pZCI6IjQyMjM3In19@\u00bb _dynamic_attributes=\u00bburl,link_option_url\u00bb link_option_url=\u00bb@ET-DC@eyJkeW5hbWljIjp0cnVlLCJjb250ZW50IjoicG9zdF9saW5rX3VybF9wYWdlIiwic2V0dGluZ3MiOnsicG9zdF9pZCI6IjQyMjM3In19@\u00bb sticky_enabled=\u00bb0&#8243;][\/et_pb_blurb][\/et_pb_column][et_pb_column type=\u00bb1_3&#8243; _builder_version=\u00bb4.16&#8243; custom_padding=\u00bb|||\u00bb global_colors_info=\u00bb{}\u00bb custom_padding__hover=\u00bb|||\u00bb][et_pb_blurb title=\u00bbPreguntas frecuentes y consejos\u00bb image=\u00bbhttps:\/\/tom-mallorca.com\/new\/wp-content\/uploads\/2022\/11\/Neue_Huefte_.psd_0004_FAQ.jpg\u00bb _builder_version=\u00bb4.19.4&#8243; _module_preset=\u00bbdefault\u00bb header_text_align=\u00bbcenter\u00bb background_color=\u00bb#FFFFFF\u00bb text_orientation=\u00bbcenter\u00bb custom_padding=\u00bb||20px||false|false\u00bb hover_enabled=\u00bb0&#8243; box_shadow_style=\u00bbpreset3&#8243; global_colors_info=\u00bb{}\u00bb url=\u00bbhttps:\/\/tom-mallorca.com\/es\/nueva-cadera\/faq-huefte\u00bb link_option_url=\u00bbhttps:\/\/tom-mallorca.com\/es\/nueva-cadera\/faq-huefte\u00bb sticky_enabled=\u00bb0&#8243;][\/et_pb_blurb][\/et_pb_column][\/et_pb_row][\/et_pb_section]<\/p>\n","protected":false},"excerpt":{"rendered":"<p>Antes de la cirug\u00edaLa planificaci\u00f3n de la implantaci\u00f3n de la pr\u00f3tesis exacta es a base de im\u00e1genes de rayos x de la cadera y con un programa inform\u00e1tico especifico. Esto permite la simulaci\u00f3n de la intervenci\u00f3n en el ordenador para ocuparse de posibles particularidades del paciente antes de la operaci\u00f3n. Es muy importante que nos [&hellip;]<\/p>\n","protected":false},"author":1,"featured_media":0,"parent":43049,"menu_order":0,"comment_status":"closed","ping_status":"closed","template":"","meta":{"_et_pb_use_builder":"on","_et_pb_old_content":"","_et_gb_content_width":"","footnotes":""},"class_list":["post-43102","page","type-page","status-publish","hentry"],"yoast_head":"<!-- This site is optimized with the Yoast SEO plugin v27.5 - https:\/\/yoast.com\/product\/yoast-seo-wordpress\/ -->\n<title>Antes de la intervenci\u00f3n - Traumatologie und Orthop\u00e4die Mallorca<\/title>\n<meta name=\"description\" content=\"La planificaci\u00f3n de la implantaci\u00f3n de la pr\u00f3tesis exacta es a base de im\u00e1genes de rayos x de la cadera y con un programa inform\u00e1tico especifico.\" \/>\n<meta name=\"robots\" content=\"index, follow, max-snippet:-1, max-image-preview:large, max-video-preview:-1\" \/>\n<link rel=\"canonical\" href=\"https:\/\/tom-mallorca.com\/es\/nueva-cadera\/antes-intervencion\/\" \/>\n<meta property=\"og:locale\" content=\"es_ES\" \/>\n<meta property=\"og:type\" content=\"article\" \/>\n<meta property=\"og:title\" content=\"Antes de la intervenci\u00f3n - Traumatologie und Orthop\u00e4die Mallorca\" \/>\n<meta property=\"og:description\" content=\"La planificaci\u00f3n de la implantaci\u00f3n de la pr\u00f3tesis exacta es a base de im\u00e1genes de rayos x de la cadera y con un programa inform\u00e1tico especifico.\" \/>\n<meta property=\"og:url\" content=\"https:\/\/tom-mallorca.com\/es\/nueva-cadera\/antes-intervencion\/\" \/>\n<meta property=\"og:site_name\" content=\"Traumatologie und Orthop\u00e4die Mallorca\" \/>\n<meta property=\"article:publisher\" content=\"https:\/\/www.facebook.com\/Mallorca-Special-Surgery-103272311971779\" \/>\n<meta property=\"article:modified_time\" content=\"2023-01-03T18:36:39+00:00\" \/>\n<meta name=\"twitter:card\" content=\"summary_large_image\" \/>\n<meta name=\"twitter:label1\" content=\"Tiempo de lectura\" \/>\n\t<meta name=\"twitter:data1\" content=\"9 minutos\" \/>\n<script type=\"application\/ld+json\" class=\"yoast-schema-graph\">{\"@context\":\"https:\\\/\\\/schema.org\",\"@graph\":[{\"@type\":\"WebPage\",\"@id\":\"https:\\\/\\\/tom-mallorca.com\\\/es\\\/nueva-cadera\\\/antes-intervencion\\\/\",\"url\":\"https:\\\/\\\/tom-mallorca.com\\\/es\\\/nueva-cadera\\\/antes-intervencion\\\/\",\"name\":\"Antes de la intervenci\u00f3n - Traumatologie und Orthop\u00e4die Mallorca\",\"isPartOf\":{\"@id\":\"https:\\\/\\\/tom-mallorca.com\\\/es\\\/#website\"},\"datePublished\":\"2022-11-03T09:31:33+00:00\",\"dateModified\":\"2023-01-03T18:36:39+00:00\",\"description\":\"La planificaci\u00f3n de la implantaci\u00f3n de la pr\u00f3tesis exacta es a base de im\u00e1genes de rayos x de la cadera y con un programa inform\u00e1tico especifico.\",\"breadcrumb\":{\"@id\":\"https:\\\/\\\/tom-mallorca.com\\\/es\\\/nueva-cadera\\\/antes-intervencion\\\/#breadcrumb\"},\"inLanguage\":\"es\",\"potentialAction\":[{\"@type\":\"ReadAction\",\"target\":[\"https:\\\/\\\/tom-mallorca.com\\\/es\\\/nueva-cadera\\\/antes-intervencion\\\/\"]}]},{\"@type\":\"BreadcrumbList\",\"@id\":\"https:\\\/\\\/tom-mallorca.com\\\/es\\\/nueva-cadera\\\/antes-intervencion\\\/#breadcrumb\",\"itemListElement\":[{\"@type\":\"ListItem\",\"position\":1,\"name\":\"Startseite\",\"item\":\"https:\\\/\\\/tom-mallorca.com\\\/es\\\/\"},{\"@type\":\"ListItem\",\"position\":2,\"name\":\"Nueva cadera\",\"item\":\"https:\\\/\\\/tom-mallorca.com\\\/es\\\/nueva-cadera\\\/\"},{\"@type\":\"ListItem\",\"position\":3,\"name\":\"Antes de la intervenci\u00f3n\"}]},{\"@type\":\"WebSite\",\"@id\":\"https:\\\/\\\/tom-mallorca.com\\\/es\\\/#website\",\"url\":\"https:\\\/\\\/tom-mallorca.com\\\/es\\\/\",\"name\":\"Traumatologie und Orthop\u00e4die Mallorca\",\"description\":\"Dr. Patric Garcia\",\"publisher\":{\"@id\":\"https:\\\/\\\/tom-mallorca.com\\\/es\\\/#organization\"},\"potentialAction\":[{\"@type\":\"SearchAction\",\"target\":{\"@type\":\"EntryPoint\",\"urlTemplate\":\"https:\\\/\\\/tom-mallorca.com\\\/es\\\/?s={search_term_string}\"},\"query-input\":{\"@type\":\"PropertyValueSpecification\",\"valueRequired\":true,\"valueName\":\"search_term_string\"}}],\"inLanguage\":\"es\"},{\"@type\":\"Organization\",\"@id\":\"https:\\\/\\\/tom-mallorca.com\\\/es\\\/#organization\",\"name\":\"Traumatologie und Orthop\u00e4die Mallorca\",\"url\":\"https:\\\/\\\/tom-mallorca.com\\\/es\\\/\",\"logo\":{\"@type\":\"ImageObject\",\"inLanguage\":\"es\",\"@id\":\"https:\\\/\\\/tom-mallorca.com\\\/es\\\/#\\\/schema\\\/logo\\\/image\\\/\",\"url\":\"https:\\\/\\\/tom-mallorca.com\\\/new\\\/wp-content\\\/uploads\\\/2022\\\/10\\\/TOM_Logo_farbig-DE_RZ.png\",\"contentUrl\":\"https:\\\/\\\/tom-mallorca.com\\\/new\\\/wp-content\\\/uploads\\\/2022\\\/10\\\/TOM_Logo_farbig-DE_RZ.png\",\"width\":1113,\"height\":590,\"caption\":\"Traumatologie und Orthop\u00e4die Mallorca\"},\"image\":{\"@id\":\"https:\\\/\\\/tom-mallorca.com\\\/es\\\/#\\\/schema\\\/logo\\\/image\\\/\"},\"sameAs\":[\"https:\\\/\\\/www.facebook.com\\\/Mallorca-Special-Surgery-103272311971779\",\"https:\\\/\\\/www.instagram.com\\\/mallorcaspecialsurgery\\\/\",\"https:\\\/\\\/linkedin.com\\\/company\\\/mallorca-special-surgery\"]}]}<\/script>\n<!-- \/ Yoast SEO plugin. -->","yoast_head_json":{"title":"Antes de la intervenci\u00f3n - Traumatologie und Orthop\u00e4die Mallorca","description":"La planificaci\u00f3n de la implantaci\u00f3n de la pr\u00f3tesis exacta es a base de im\u00e1genes de rayos x de la cadera y con un programa inform\u00e1tico especifico.","robots":{"index":"index","follow":"follow","max-snippet":"max-snippet:-1","max-image-preview":"max-image-preview:large","max-video-preview":"max-video-preview:-1"},"canonical":"https:\/\/tom-mallorca.com\/es\/nueva-cadera\/antes-intervencion\/","og_locale":"es_ES","og_type":"article","og_title":"Antes de la intervenci\u00f3n - Traumatologie und Orthop\u00e4die Mallorca","og_description":"La planificaci\u00f3n de la implantaci\u00f3n de la pr\u00f3tesis exacta es a base de im\u00e1genes de rayos x de la cadera y con un programa inform\u00e1tico especifico.","og_url":"https:\/\/tom-mallorca.com\/es\/nueva-cadera\/antes-intervencion\/","og_site_name":"Traumatologie und Orthop\u00e4die Mallorca","article_publisher":"https:\/\/www.facebook.com\/Mallorca-Special-Surgery-103272311971779","article_modified_time":"2023-01-03T18:36:39+00:00","twitter_card":"summary_large_image","twitter_misc":{"Tiempo de lectura":"9 minutos"},"schema":{"@context":"https:\/\/schema.org","@graph":[{"@type":"WebPage","@id":"https:\/\/tom-mallorca.com\/es\/nueva-cadera\/antes-intervencion\/","url":"https:\/\/tom-mallorca.com\/es\/nueva-cadera\/antes-intervencion\/","name":"Antes de la intervenci\u00f3n - Traumatologie und Orthop\u00e4die Mallorca","isPartOf":{"@id":"https:\/\/tom-mallorca.com\/es\/#website"},"datePublished":"2022-11-03T09:31:33+00:00","dateModified":"2023-01-03T18:36:39+00:00","description":"La planificaci\u00f3n de la implantaci\u00f3n de la pr\u00f3tesis exacta es a base de im\u00e1genes de rayos x de la cadera y con un programa inform\u00e1tico especifico.","breadcrumb":{"@id":"https:\/\/tom-mallorca.com\/es\/nueva-cadera\/antes-intervencion\/#breadcrumb"},"inLanguage":"es","potentialAction":[{"@type":"ReadAction","target":["https:\/\/tom-mallorca.com\/es\/nueva-cadera\/antes-intervencion\/"]}]},{"@type":"BreadcrumbList","@id":"https:\/\/tom-mallorca.com\/es\/nueva-cadera\/antes-intervencion\/#breadcrumb","itemListElement":[{"@type":"ListItem","position":1,"name":"Startseite","item":"https:\/\/tom-mallorca.com\/es\/"},{"@type":"ListItem","position":2,"name":"Nueva cadera","item":"https:\/\/tom-mallorca.com\/es\/nueva-cadera\/"},{"@type":"ListItem","position":3,"name":"Antes de la intervenci\u00f3n"}]},{"@type":"WebSite","@id":"https:\/\/tom-mallorca.com\/es\/#website","url":"https:\/\/tom-mallorca.com\/es\/","name":"Traumatologie und Orthop\u00e4die Mallorca","description":"Dr. Patric Garcia","publisher":{"@id":"https:\/\/tom-mallorca.com\/es\/#organization"},"potentialAction":[{"@type":"SearchAction","target":{"@type":"EntryPoint","urlTemplate":"https:\/\/tom-mallorca.com\/es\/?s={search_term_string}"},"query-input":{"@type":"PropertyValueSpecification","valueRequired":true,"valueName":"search_term_string"}}],"inLanguage":"es"},{"@type":"Organization","@id":"https:\/\/tom-mallorca.com\/es\/#organization","name":"Traumatologie und Orthop\u00e4die Mallorca","url":"https:\/\/tom-mallorca.com\/es\/","logo":{"@type":"ImageObject","inLanguage":"es","@id":"https:\/\/tom-mallorca.com\/es\/#\/schema\/logo\/image\/","url":"https:\/\/tom-mallorca.com\/new\/wp-content\/uploads\/2022\/10\/TOM_Logo_farbig-DE_RZ.png","contentUrl":"https:\/\/tom-mallorca.com\/new\/wp-content\/uploads\/2022\/10\/TOM_Logo_farbig-DE_RZ.png","width":1113,"height":590,"caption":"Traumatologie und Orthop\u00e4die Mallorca"},"image":{"@id":"https:\/\/tom-mallorca.com\/es\/#\/schema\/logo\/image\/"},"sameAs":["https:\/\/www.facebook.com\/Mallorca-Special-Surgery-103272311971779","https:\/\/www.instagram.com\/mallorcaspecialsurgery\/","https:\/\/linkedin.com\/company\/mallorca-special-surgery"]}]}},"_links":{"self":[{"href":"https:\/\/tom-mallorca.com\/es\/wp-json\/wp\/v2\/pages\/43102","targetHints":{"allow":["GET"]}}],"collection":[{"href":"https:\/\/tom-mallorca.com\/es\/wp-json\/wp\/v2\/pages"}],"about":[{"href":"https:\/\/tom-mallorca.com\/es\/wp-json\/wp\/v2\/types\/page"}],"author":[{"embeddable":true,"href":"https:\/\/tom-mallorca.com\/es\/wp-json\/wp\/v2\/users\/1"}],"replies":[{"embeddable":true,"href":"https:\/\/tom-mallorca.com\/es\/wp-json\/wp\/v2\/comments?post=43102"}],"version-history":[{"count":6,"href":"https:\/\/tom-mallorca.com\/es\/wp-json\/wp\/v2\/pages\/43102\/revisions"}],"predecessor-version":[{"id":44113,"href":"https:\/\/tom-mallorca.com\/es\/wp-json\/wp\/v2\/pages\/43102\/revisions\/44113"}],"up":[{"embeddable":true,"href":"https:\/\/tom-mallorca.com\/es\/wp-json\/wp\/v2\/pages\/43049"}],"wp:attachment":[{"href":"https:\/\/tom-mallorca.com\/es\/wp-json\/wp\/v2\/media?parent=43102"}],"curies":[{"name":"wp","href":"https:\/\/api.w.org\/{rel}","templated":true}]}}