{"id":43074,"date":"2022-11-03T10:55:26","date_gmt":"2022-11-03T09:55:26","guid":{"rendered":"https:\/\/tom-mallorca.com\/new\/nueva-cadera\/nach-der-op\/"},"modified":"2023-01-03T19:36:22","modified_gmt":"2023-01-03T18:36:22","slug":"despues-intervencion","status":"publish","type":"page","link":"https:\/\/tom-mallorca.com\/es\/nueva-cadera\/despues-intervencion\/","title":{"rendered":"Despu\u00e9s de la intervenci\u00f3n"},"content":{"rendered":"<p>[et_pb_section fb_built=\u00bb1&#8243; admin_label=\u00bbHero\u00bb _builder_version=\u00bb4.18.1&#8243; custom_padding=\u00bb0|0px|0px|0px|false|false\u00bb bottom_divider_height=\u00bb0px\u00bb border_width_bottom=\u00bb1px\u00bb border_color_bottom=\u00bb#efefef\u00bb global_colors_info=\u00bb{}\u00bb][et_pb_row column_structure=\u00bb1_2,1_2&#8243; _builder_version=\u00bb4.18.1&#8243; width=\u00bb100%\u00bb max_width=\u00bb100%\u00bb custom_margin=\u00bb|||\u00bb custom_margin_tablet=\u00bb||0px|\u00bb custom_margin_phone=\u00bb\u00bb custom_margin_last_edited=\u00bbon|desktop\u00bb custom_padding=\u00bb0|0px|27px|0px|false|false\u00bb use_custom_width=\u00bbon\u00bb width_unit=\u00bboff\u00bb custom_width_percent=\u00bb100%\u00bb global_colors_info=\u00bb{}\u00bb][et_pb_column type=\u00bb1_2&#8243; _builder_version=\u00bb4.18.1&#8243; custom_padding=\u00bb6%||6%|10%|false|false\u00bb custom_padding_tablet=\u00bb50px|50px|50px|50px\u00bb custom_padding_phone=\u00bb50px|50px|50px|50px\u00bb custom_padding_last_edited=\u00bbon|tablet\u00bb global_colors_info=\u00bb{}\u00bb padding_tablet=\u00bb50px|50px|50px|50px\u00bb padding_last_edited=\u00bbon|tablet\u00bb custom_padding__hover=\u00bb|||\u00bb padding_phone=\u00bb50px|50px|50px|50px\u00bb][et_pb_text _builder_version=\u00bb4.18.1&#8243; text_font=\u00bbMontserrat|300|||||||\u00bb text_text_color=\u00bb#677a92&#8243; text_font_size=\u00bb16px\u00bb text_line_height=\u00bb1.8em\u00bb header_font=\u00bb|600|||||||\u00bb header_font_size=\u00bb34px\u00bb header_line_height=\u00bb1.3em\u00bb header_2_font=\u00bb||||||||\u00bb max_width=\u00bb600px\u00bb custom_margin=\u00bb|||\u00bb custom_margin_tablet=\u00bb0px|50px||50px\u00bb custom_margin_phone=\u00bb|20px||\u00bb custom_margin_last_edited=\u00bboff|desktop\u00bb custom_padding=\u00bb|||\u00bb text_line_height_tablet=\u00bb1.8em\u00bb text_line_height_phone=\u00bb1.8em\u00bb text_line_height_last_edited=\u00bbon|phone\u00bb header_font_size_tablet=\u00bb\u00bb header_font_size_phone=\u00bb36px\u00bb header_font_size_last_edited=\u00bbon|phone\u00bb header_2_font_size_phone=\u00bb30px\u00bb header_2_font_size_last_edited=\u00bboff|desktop\u00bb locked=\u00bboff\u00bb global_colors_info=\u00bb{}\u00bb]<\/p>\n<h1>Despu\u00e9s de la cirug\u00eda<\/h1>\n<p>[\/et_pb_text][et_pb_text _builder_version=\u00bb4.18.1&#8243; text_font=\u00bb||||||||\u00bb text_font_size=\u00bb16px\u00bb text_line_height=\u00bb2em\u00bb link_font=\u00bb||||||||\u00bb ul_font=\u00bb||||||||\u00bb ol_font=\u00bb||||||||\u00bb quote_font=\u00bb||||||||\u00bb header_font=\u00bb||||||||\u00bb header_2_font=\u00bbMontserrat|300|||||||\u00bb header_2_text_color=\u00bb#212d3b\u00bb header_2_font_size=\u00bb40px\u00bb header_2_line_height=\u00bb1.5em\u00bb max_width=\u00bb600px\u00bb module_alignment=\u00bbleft\u00bb custom_margin=\u00bb|||\u00bb custom_margin_tablet=\u00bb0px|50px||50px\u00bb custom_margin_last_edited=\u00bboff|desktop\u00bb custom_padding=\u00bb|||\u00bb locked=\u00bboff\u00bb global_colors_info=\u00bb{}\u00bb]<\/p>\n<p>Nosotros recomendamos la rehabilitaci\u00f3n directamente despu\u00e9s de la estancia hospitalaria.<br \/>En general la rehabilitaci\u00f3n dura unas 3 semanas y se puede hacer ambulatoria.<br \/>La rehabilitaci\u00f3n se puede hacer en Mallorca (Reha auf Mallorca), o en otros pa\u00edses europeos.<\/p>\n<p>[\/et_pb_text][\/et_pb_column][et_pb_column type=\u00bb1_2&#8243; _builder_version=\u00bb4.18.1&#8243; custom_padding=\u00bb|||\u00bb global_colors_info=\u00bb{}\u00bb custom_padding__hover=\u00bb|||\u00bb][et_pb_image src=\u00bbhttps:\/\/tom-mallorca.com\/new\/wp-content\/uploads\/2022\/11\/Neue_Huefte_.psd_0000_Reha.jpg\u00bb title_text=\u00bbNeue_Hu\u0308fte_.psd_0000_Reha\u00bb force_fullwidth=\u00bbon\u00bb align_tablet=\u00bbcenter\u00bb align_phone=\u00bbcenter\u00bb align_last_edited=\u00bbon|desktop\u00bb _builder_version=\u00bb4.18.1&#8243; custom_margin=\u00bb|||\u00bb custom_padding=\u00bb|||\u00bb animation_style=\u00bbslide\u00bb animation_direction=\u00bbright\u00bb animation_intensity_slide=\u00bb5%\u00bb border_radii=\u00bb||||30vw\u00bb border_color_all=\u00bbgcid-abf34af9-ee4a-4f3a-b54b-ede11e0156fb\u00bb border_width_left=\u00bb2vw\u00bb border_color_left=\u00bbgcid-052f23fe-0f16-46de-a603-d7640dec3e54&#8243; box_shadow_style=\u00bbpreset4&#8243; box_shadow_horizontal=\u00bb-30px\u00bb box_shadow_vertical=\u00bb0px\u00bb box_shadow_color=\u00bbgcid-4e24f7f3-8976-46ad-8e49-197ba0659624&#8243; global_colors_info=\u00bb{%22gcid-4e24f7f3-8976-46ad-8e49-197ba0659624%22:%91%22box_shadow_color%22%93,%22gcid-abf34af9-ee4a-4f3a-b54b-ede11e0156fb%22:%91%22border_color_all%22%93,%22gcid-052f23fe-0f16-46de-a603-d7640dec3e54%22:%91%22border_color_left%22%93}\u00bb][\/et_pb_image][\/et_pb_column][\/et_pb_row][\/et_pb_section][et_pb_section fb_built=\u00bb1&#8243; _builder_version=\u00bb4.18.1&#8243; _module_preset=\u00bbdefault\u00bb global_colors_info=\u00bb{}\u00bb][et_pb_row _builder_version=\u00bb4.18.1&#8243; _module_preset=\u00bbdefault\u00bb global_colors_info=\u00bb{}\u00bb][et_pb_column type=\u00bb4_4&#8243; _builder_version=\u00bb4.18.1&#8243; _module_preset=\u00bbdefault\u00bb global_colors_info=\u00bb{}\u00bb][et_pb_text _builder_version=\u00bb4.18.1&#8243; _module_preset=\u00bbdefault\u00bb text_font_size=\u00bb16px\u00bb text_line_height=\u00bb2em\u00bb header_line_height=\u00bb2em\u00bb header_4_line_height=\u00bb2em\u00bb global_colors_info=\u00bb{}\u00bb]<\/p>\n<h3>Rehabilitaci\u00f3n<\/h3>\n<ul><\/ul>\n<p>La rehabilitaci\u00f3n despu\u00e9s de la cirug\u00eda es particularmente importante. Despu\u00e9s de 7-14 d\u00edas el paciente tendr\u00eda que estar capaz de viajar en avi\u00f3n y caminar por s\u00ed solo.<\/p>\n<h4>Los objetivos de la rehabilitaci\u00f3n son:<\/h4>\n<ul>\n<li>Mejorar la movilidad<\/li>\n<li>Alivio de posibles dolores<\/li>\n<li>Fijaci\u00f3n y estabilizaci\u00f3n de articulaci\u00f3n de la cadera<\/li>\n<li>Desarollo de la musculatura<\/li>\n<li>Estabilizar el bienestar mental<\/li>\n<li>Reintegraci\u00f3n en el d\u00eda a d\u00eda, vida laboral y las actividades o ocio<\/li>\n<\/ul>\n<p>Al final de la rehabilitaci\u00f3n, como muy tarde, caminar\u00e1 sin muletas. Muchos pacientes consiguen mucho antes (despu\u00e9s de una semana) caminar unos tramos cortos sin muletas. Los pacientes que han recibido una fijaci\u00f3n sin cemento deber\u00edan usar muletas hasta 6 semanas despu\u00e9s de la intervenci\u00f3n.<\/p>\n<p>[\/et_pb_text][et_pb_text _builder_version=\u00bb4.18.1&#8243; _module_preset=\u00bbdefault\u00bb text_font_size=\u00bb16px\u00bb text_line_height=\u00bb2em\u00bb header_line_height=\u00bb2em\u00bb header_4_line_height=\u00bb2em\u00bb global_colors_info=\u00bb{}\u00bb]<\/p>\n<h3>Luego de la rehabilitaci\u00f3n, en casa<\/h3>\n<ul><\/ul>\n<p>Despu\u00e9s de la rehabilitaci\u00f3n usted deber\u00eda poderse moverse solo. Generalmente no se precisa medicaci\u00f3n para el dolor. Es muy recomendable seguir con un tratamiento de fisioterapia ambulante para asegurar los resultados de la rehabilitaci\u00f3n, y si precisa optimizar posibles d\u00e9ficits.<\/p>\n<p>Depende en que sector trabaja, se decide la reincorporaci\u00f3n al trabajo. En caso de puestos administrativos la vuelta podr\u00eda ser 2-3 semanas despu\u00e9s de la operaci\u00f3n. En casos aislados pacientes ya vuelven a trabajar despu\u00e9s de solo una semana. Trabajando en sectores que pueden ser f\u00edsicamente estresantes no deber\u00edan volver a su puesto antes de 6 semanas despu\u00e9s de la operaci\u00f3n. La reincorporaci\u00f3n a la vida laboral depende de cada persona y su perfil, y se decide junto con el cirujano. Seis semanas despu\u00e9s de la intervenci\u00f3n se realiza una examinaci\u00f3n detallada con im\u00e1genes de rayos x.<\/p>\n<h4>Consejos para su casa:<\/h4>\n<p>Si no se necesita m\u00e1s las muletas, el paciente puede conducir, aproximadamente 3-4 semanas despu\u00e9s de la intervenci\u00f3n.<\/p>\n<p>Tras consultar con Dr. Garc\u00eda, dependiendo de su ocupaci\u00f3n y la evoluci\u00f3n post quir\u00fargica, puede volver a trabajar en 2-3 semanas despu\u00e9s de la operaci\u00f3n. La pr\u00e1ctica deportiva puede iniciarse 3 a 6 meses luego de la cirug\u00eda, luego de consultarlo con el cirujano. La mejor manera de aclarar dudas y preguntas personales es en di\u00e1logo con el cirujano.<\/p>\n<p>[\/et_pb_text][\/et_pb_column][\/et_pb_row][\/et_pb_section][et_pb_section fb_built=\u00bb1&#8243; _builder_version=\u00bb4.18.1&#8243; background_color=\u00bbgcid-4e24f7f3-8976-46ad-8e49-197ba0659624&#8243; custom_padding=\u00bb100px|0px|80px|0px|false|false\u00bb locked=\u00bboff\u00bb global_colors_info=\u00bb{%22gcid-4e24f7f3-8976-46ad-8e49-197ba0659624%22:%91%22background_color%22%93}\u00bb][et_pb_row _builder_version=\u00bb4.16&#8243; custom_margin=\u00bb|||\u00bb custom_margin_tablet=\u00bb||0px|\u00bb custom_margin_phone=\u00bb\u00bb custom_margin_last_edited=\u00bbon|desktop\u00bb custom_padding=\u00bb|||\u00bb global_colors_info=\u00bb{}\u00bb][et_pb_column type=\u00bb4_4&#8243; _builder_version=\u00bb4.16&#8243; custom_padding=\u00bb|||\u00bb custom_padding_tablet=\u00bb0px|50px|50px|50px\u00bb custom_padding_last_edited=\u00bboff|desktop\u00bb global_colors_info=\u00bb{}\u00bb padding_tablet=\u00bb0px|50px|50px|50px\u00bb padding_last_edited=\u00bboff|desktop\u00bb custom_padding__hover=\u00bb|||\u00bb][et_pb_text _builder_version=\u00bb4.18.1&#8243; text_font=\u00bbMontserrat|300|||||||\u00bb text_font_size=\u00bb16px\u00bb text_line_height=\u00bb1.8em\u00bb header_font=\u00bb||||||||\u00bb header_2_font=\u00bb|600|||||||\u00bb header_2_font_size=\u00bb34px\u00bb header_2_line_height=\u00bb1.5em\u00bb custom_margin=\u00bb|||\u00bb custom_margin_tablet=\u00bb0px|50px||50px\u00bb custom_margin_last_edited=\u00bboff|desktop\u00bb custom_padding=\u00bb|||\u00bb header_2_font_size_tablet=\u00bb\u00bb header_2_font_size_phone=\u00bb30px\u00bb header_2_font_size_last_edited=\u00bbon|phone\u00bb global_colors_info=\u00bb{}\u00bb]<\/p>\n<h2>Todo lo que necesitas saber sobre la nueva cadera y la cirug\u00eda <\/h2>\n<p>[\/et_pb_text][\/et_pb_column][\/et_pb_row][et_pb_row column_structure=\u00bb1_3,1_3,1_3&#8243; _builder_version=\u00bb4.16&#8243; custom_padding=\u00bb|||\u00bb global_colors_info=\u00bb{}\u00bb][et_pb_column type=\u00bb1_3&#8243; _builder_version=\u00bb4.16&#8243; custom_padding=\u00bb|||\u00bb global_colors_info=\u00bb{}\u00bb custom_padding__hover=\u00bb|||\u00bb][et_pb_blurb title=\u00bbProcedimientos Quir\u00fargicos y Desarrollo\u00bb image=\u00bbhttps:\/\/tom-mallorca.com\/new\/wp-content\/uploads\/2022\/11\/Neue_Huefte_.psd_0001_Huefte.jpg\u00bb _builder_version=\u00bb4.19.4&#8243; _module_preset=\u00bbdefault\u00bb header_text_align=\u00bbcenter\u00bb background_color=\u00bb#FFFFFF\u00bb text_orientation=\u00bbcenter\u00bb custom_padding=\u00bb||20px||false|false\u00bb hover_enabled=\u00bb0&#8243; box_shadow_style=\u00bbpreset3&#8243; global_colors_info=\u00bb{}\u00bb url=\u00bb@ET-DC@eyJkeW5hbWljIjp0cnVlLCJjb250ZW50IjoicG9zdF9saW5rX3VybF9wYWdlIiwic2V0dGluZ3MiOnsicG9zdF9pZCI6IjQyMjA2In19@\u00bb _dynamic_attributes=\u00bburl,link_option_url\u00bb link_option_url=\u00bb@ET-DC@eyJkeW5hbWljIjp0cnVlLCJjb250ZW50IjoicG9zdF9saW5rX3VybF9wYWdlIiwic2V0dGluZ3MiOnsicG9zdF9pZCI6IjQyMjA2In19@\u00bb sticky_enabled=\u00bb0&#8243;][\/et_pb_blurb][\/et_pb_column][et_pb_column type=\u00bb1_3&#8243; _builder_version=\u00bb4.16&#8243; custom_padding=\u00bb|||\u00bb global_colors_info=\u00bb{}\u00bb custom_padding__hover=\u00bb|||\u00bb][et_pb_blurb title=\u00bbAMIS \u2013 la t\u00e9cnica quir\u00fargica\u00bb image=\u00bbhttps:\/\/tom-mallorca.com\/new\/wp-content\/uploads\/2022\/11\/AMIS_ES.jpg\u00bb _builder_version=\u00bb4.19.4&#8243; _module_preset=\u00bbdefault\u00bb header_text_align=\u00bbcenter\u00bb background_color=\u00bb#FFFFFF\u00bb text_orientation=\u00bbcenter\u00bb custom_padding=\u00bb||20px||false|false\u00bb hover_enabled=\u00bb0&#8243; box_shadow_style=\u00bbpreset3&#8243; global_colors_info=\u00bb{}\u00bb url=\u00bb@ET-DC@eyJkeW5hbWljIjp0cnVlLCJjb250ZW50IjoicG9zdF9saW5rX3VybF9wYWdlIiwic2V0dGluZ3MiOnsicG9zdF9pZCI6IjQyMjEzIn19@\u00bb _dynamic_attributes=\u00bburl,link_option_url\u00bb link_option_url=\u00bb@ET-DC@eyJkeW5hbWljIjp0cnVlLCJjb250ZW50IjoicG9zdF9saW5rX3VybF9wYWdlIiwic2V0dGluZ3MiOnsicG9zdF9pZCI6IjQyMjEzIn19@\u00bb sticky_enabled=\u00bb0&#8243;][\/et_pb_blurb][\/et_pb_column][et_pb_column type=\u00bb1_3&#8243; _builder_version=\u00bb4.16&#8243; custom_padding=\u00bb|||\u00bb global_colors_info=\u00bb{}\u00bb custom_padding__hover=\u00bb|||\u00bb][et_pb_blurb title=\u00bbBeneficios de AMIS\u00bb image=\u00bbhttps:\/\/tom-mallorca.com\/new\/wp-content\/uploads\/2022\/11\/Neue_Huefte_.psd_0003_VorteileAMIS.jpg\u00bb _builder_version=\u00bb4.19.4&#8243; _module_preset=\u00bbdefault\u00bb header_text_align=\u00bbcenter\u00bb background_color=\u00bb#FFFFFF\u00bb text_orientation=\u00bbcenter\u00bb custom_padding=\u00bb||20px||false|false\u00bb hover_enabled=\u00bb0&#8243; box_shadow_style=\u00bbpreset3&#8243; global_colors_info=\u00bb{}\u00bb url=\u00bb@ET-DC@eyJkeW5hbWljIjp0cnVlLCJjb250ZW50IjoicG9zdF9saW5rX3VybF9wYWdlIiwic2V0dGluZ3MiOnsicG9zdF9pZCI6IjQyMjI3In19@\u00bb _dynamic_attributes=\u00bburl,link_option_url\u00bb link_option_url=\u00bb@ET-DC@eyJkeW5hbWljIjp0cnVlLCJjb250ZW50IjoicG9zdF9saW5rX3VybF9wYWdlIiwic2V0dGluZ3MiOnsicG9zdF9pZCI6IjQyMjI3In19@\u00bb sticky_enabled=\u00bb0&#8243;][\/et_pb_blurb][\/et_pb_column][\/et_pb_row][et_pb_row column_structure=\u00bb1_3,1_3,1_3&#8243; _builder_version=\u00bb4.16&#8243; custom_padding=\u00bb|||\u00bb global_colors_info=\u00bb{}\u00bb][et_pb_column type=\u00bb1_3&#8243; _builder_version=\u00bb4.16&#8243; custom_padding=\u00bb|||\u00bb global_colors_info=\u00bb{}\u00bb custom_padding__hover=\u00bb|||\u00bb][et_pb_blurb title=\u00bbAntes de la cirug\u00eda\u00bb image=\u00bbhttps:\/\/tom-mallorca.com\/new\/wp-content\/uploads\/2022\/11\/Neue_Huefte_.psd_0002_vorderOP.jpg\u00bb _builder_version=\u00bb4.19.4&#8243; _module_preset=\u00bbdefault\u00bb header_text_align=\u00bbcenter\u00bb background_color=\u00bb#FFFFFF\u00bb text_orientation=\u00bbcenter\u00bb custom_padding=\u00bb||20px||false|false\u00bb hover_enabled=\u00bb0&#8243; box_shadow_style=\u00bbpreset3&#8243; global_colors_info=\u00bb{}\u00bb url=\u00bb@ET-DC@eyJkeW5hbWljIjp0cnVlLCJjb250ZW50IjoicG9zdF9saW5rX3VybF9wYWdlIiwic2V0dGluZ3MiOnsicG9zdF9pZCI6IjQyMjI5In19@\u00bb _dynamic_attributes=\u00bburl,link_option_url\u00bb link_option_url=\u00bb@ET-DC@eyJkeW5hbWljIjp0cnVlLCJjb250ZW50IjoicG9zdF9saW5rX3VybF9wYWdlIiwic2V0dGluZ3MiOnsicG9zdF9pZCI6IjQyMjI5In19@\u00bb sticky_enabled=\u00bb0&#8243;][\/et_pb_blurb][\/et_pb_column][et_pb_column type=\u00bb1_3&#8243; _builder_version=\u00bb4.16&#8243; custom_padding=\u00bb|||\u00bb global_colors_info=\u00bb{}\u00bb custom_padding__hover=\u00bb|||\u00bb][et_pb_blurb title=\u00bbD\u00eda de la cirug\u00eda y hospital\u00bb image=\u00bbhttps:\/\/tom-mallorca.com\/new\/wp-content\/uploads\/2022\/11\/Neue_Huefte_.psd_0005_OPTag_Krankenhaus.jpg\u00bb _builder_version=\u00bb4.19.4&#8243; _module_preset=\u00bbdefault\u00bb header_text_align=\u00bbcenter\u00bb background_color=\u00bb#FFFFFF\u00bb text_orientation=\u00bbcenter\u00bb custom_padding=\u00bb||20px||false|false\u00bb hover_enabled=\u00bb0&#8243; box_shadow_style=\u00bbpreset3&#8243; global_colors_info=\u00bb{}\u00bb url=\u00bb@ET-DC@eyJkeW5hbWljIjp0cnVlLCJjb250ZW50IjoicG9zdF9saW5rX3VybF9wYWdlIiwic2V0dGluZ3MiOnsicG9zdF9pZCI6IjQyMjM1In19@\u00bb _dynamic_attributes=\u00bburl,link_option_url\u00bb link_option_url=\u00bb@ET-DC@eyJkeW5hbWljIjp0cnVlLCJjb250ZW50IjoicG9zdF9saW5rX3VybF9wYWdlIiwic2V0dGluZ3MiOnsicG9zdF9pZCI6IjQyMjM1In19@\u00bb sticky_enabled=\u00bb0&#8243;][\/et_pb_blurb][\/et_pb_column][et_pb_column type=\u00bb1_3&#8243; _builder_version=\u00bb4.16&#8243; custom_padding=\u00bb|||\u00bb global_colors_info=\u00bb{}\u00bb custom_padding__hover=\u00bb|||\u00bb][et_pb_blurb title=\u00bbPreguntas frecuentes y consejos\u00bb image=\u00bbhttps:\/\/tom-mallorca.com\/new\/wp-content\/uploads\/2022\/11\/Neue_Huefte_.psd_0004_FAQ.jpg\u00bb _builder_version=\u00bb4.19.4&#8243; _module_preset=\u00bbdefault\u00bb header_text_align=\u00bbcenter\u00bb background_color=\u00bb#FFFFFF\u00bb text_orientation=\u00bbcenter\u00bb custom_padding=\u00bb||20px||false|false\u00bb hover_enabled=\u00bb0&#8243; box_shadow_style=\u00bbpreset3&#8243; global_colors_info=\u00bb{}\u00bb url=\u00bbhttps:\/\/tom-mallorca.com\/es\/nueva-cadera\/faq-huefte\u00bb link_option_url=\u00bbhttps:\/\/tom-mallorca.com\/es\/nueva-cadera\/faq-huefte\u00bb sticky_enabled=\u00bb0&#8243;][\/et_pb_blurb][\/et_pb_column][\/et_pb_row][\/et_pb_section]<\/p>\n","protected":false},"excerpt":{"rendered":"<p>Despu\u00e9s de la cirug\u00edaNosotros recomendamos la rehabilitaci\u00f3n directamente despu\u00e9s de la estancia hospitalaria.En general la rehabilitaci\u00f3n dura unas 3 semanas y se puede hacer ambulatoria.La rehabilitaci\u00f3n se puede hacer en Mallorca (Reha auf Mallorca), o en otros pa\u00edses europeos.Rehabilitaci\u00f3n La rehabilitaci\u00f3n despu\u00e9s de la cirug\u00eda es particularmente importante. Despu\u00e9s de 7-14 d\u00edas el paciente tendr\u00eda [&hellip;]<\/p>\n","protected":false},"author":1,"featured_media":0,"parent":43049,"menu_order":0,"comment_status":"closed","ping_status":"closed","template":"","meta":{"_et_pb_use_builder":"on","_et_pb_old_content":"","_et_gb_content_width":"","footnotes":""},"class_list":["post-43074","page","type-page","status-publish","hentry"],"yoast_head":"<!-- This site is optimized with the Yoast SEO plugin v27.4 - https:\/\/yoast.com\/product\/yoast-seo-wordpress\/ -->\n<title>Despu\u00e9s de la intervenci\u00f3n - Traumatologie und Orthop\u00e4die Mallorca<\/title>\n<meta name=\"description\" content=\"Recomendamos realizar una medida de rehabilitaci\u00f3n tras la estancia hospitalaria, normalmente 3 semanas.\" \/>\n<meta name=\"robots\" content=\"index, follow, max-snippet:-1, max-image-preview:large, max-video-preview:-1\" \/>\n<link rel=\"canonical\" href=\"https:\/\/tom-mallorca.com\/es\/nueva-cadera\/despues-intervencion\/\" \/>\n<meta property=\"og:locale\" content=\"es_ES\" \/>\n<meta property=\"og:type\" content=\"article\" \/>\n<meta property=\"og:title\" content=\"Despu\u00e9s de la intervenci\u00f3n - Traumatologie und Orthop\u00e4die Mallorca\" \/>\n<meta property=\"og:description\" content=\"Recomendamos realizar una medida de rehabilitaci\u00f3n tras la estancia hospitalaria, normalmente 3 semanas.\" \/>\n<meta property=\"og:url\" content=\"https:\/\/tom-mallorca.com\/es\/nueva-cadera\/despues-intervencion\/\" \/>\n<meta property=\"og:site_name\" content=\"Traumatologie und Orthop\u00e4die Mallorca\" \/>\n<meta property=\"article:publisher\" content=\"https:\/\/www.facebook.com\/Mallorca-Special-Surgery-103272311971779\" \/>\n<meta property=\"article:modified_time\" content=\"2023-01-03T18:36:22+00:00\" \/>\n<meta name=\"twitter:card\" content=\"summary_large_image\" \/>\n<meta name=\"twitter:label1\" content=\"Tiempo de lectura\" \/>\n\t<meta name=\"twitter:data1\" content=\"10 minutos\" \/>\n<script type=\"application\/ld+json\" class=\"yoast-schema-graph\">{\"@context\":\"https:\\\/\\\/schema.org\",\"@graph\":[{\"@type\":\"WebPage\",\"@id\":\"https:\\\/\\\/tom-mallorca.com\\\/es\\\/nueva-cadera\\\/despues-intervencion\\\/\",\"url\":\"https:\\\/\\\/tom-mallorca.com\\\/es\\\/nueva-cadera\\\/despues-intervencion\\\/\",\"name\":\"Despu\u00e9s de la intervenci\u00f3n - Traumatologie und Orthop\u00e4die Mallorca\",\"isPartOf\":{\"@id\":\"https:\\\/\\\/tom-mallorca.com\\\/es\\\/#website\"},\"datePublished\":\"2022-11-03T09:55:26+00:00\",\"dateModified\":\"2023-01-03T18:36:22+00:00\",\"description\":\"Recomendamos realizar una medida de rehabilitaci\u00f3n tras la estancia hospitalaria, normalmente 3 semanas.\",\"breadcrumb\":{\"@id\":\"https:\\\/\\\/tom-mallorca.com\\\/es\\\/nueva-cadera\\\/despues-intervencion\\\/#breadcrumb\"},\"inLanguage\":\"es\",\"potentialAction\":[{\"@type\":\"ReadAction\",\"target\":[\"https:\\\/\\\/tom-mallorca.com\\\/es\\\/nueva-cadera\\\/despues-intervencion\\\/\"]}]},{\"@type\":\"BreadcrumbList\",\"@id\":\"https:\\\/\\\/tom-mallorca.com\\\/es\\\/nueva-cadera\\\/despues-intervencion\\\/#breadcrumb\",\"itemListElement\":[{\"@type\":\"ListItem\",\"position\":1,\"name\":\"Startseite\",\"item\":\"https:\\\/\\\/tom-mallorca.com\\\/es\\\/\"},{\"@type\":\"ListItem\",\"position\":2,\"name\":\"Nueva cadera\",\"item\":\"https:\\\/\\\/tom-mallorca.com\\\/es\\\/nueva-cadera\\\/\"},{\"@type\":\"ListItem\",\"position\":3,\"name\":\"Despu\u00e9s de la intervenci\u00f3n\"}]},{\"@type\":\"WebSite\",\"@id\":\"https:\\\/\\\/tom-mallorca.com\\\/es\\\/#website\",\"url\":\"https:\\\/\\\/tom-mallorca.com\\\/es\\\/\",\"name\":\"Traumatologie und Orthop\u00e4die Mallorca\",\"description\":\"Dr. Patric Garcia\",\"publisher\":{\"@id\":\"https:\\\/\\\/tom-mallorca.com\\\/es\\\/#organization\"},\"potentialAction\":[{\"@type\":\"SearchAction\",\"target\":{\"@type\":\"EntryPoint\",\"urlTemplate\":\"https:\\\/\\\/tom-mallorca.com\\\/es\\\/?s={search_term_string}\"},\"query-input\":{\"@type\":\"PropertyValueSpecification\",\"valueRequired\":true,\"valueName\":\"search_term_string\"}}],\"inLanguage\":\"es\"},{\"@type\":\"Organization\",\"@id\":\"https:\\\/\\\/tom-mallorca.com\\\/es\\\/#organization\",\"name\":\"Traumatologie und Orthop\u00e4die Mallorca\",\"url\":\"https:\\\/\\\/tom-mallorca.com\\\/es\\\/\",\"logo\":{\"@type\":\"ImageObject\",\"inLanguage\":\"es\",\"@id\":\"https:\\\/\\\/tom-mallorca.com\\\/es\\\/#\\\/schema\\\/logo\\\/image\\\/\",\"url\":\"https:\\\/\\\/tom-mallorca.com\\\/new\\\/wp-content\\\/uploads\\\/2022\\\/10\\\/TOM_Logo_farbig-DE_RZ.png\",\"contentUrl\":\"https:\\\/\\\/tom-mallorca.com\\\/new\\\/wp-content\\\/uploads\\\/2022\\\/10\\\/TOM_Logo_farbig-DE_RZ.png\",\"width\":1113,\"height\":590,\"caption\":\"Traumatologie und Orthop\u00e4die Mallorca\"},\"image\":{\"@id\":\"https:\\\/\\\/tom-mallorca.com\\\/es\\\/#\\\/schema\\\/logo\\\/image\\\/\"},\"sameAs\":[\"https:\\\/\\\/www.facebook.com\\\/Mallorca-Special-Surgery-103272311971779\",\"https:\\\/\\\/www.instagram.com\\\/mallorcaspecialsurgery\\\/\",\"https:\\\/\\\/linkedin.com\\\/company\\\/mallorca-special-surgery\"]}]}<\/script>\n<!-- \/ Yoast SEO plugin. -->","yoast_head_json":{"title":"Despu\u00e9s de la intervenci\u00f3n - Traumatologie und Orthop\u00e4die Mallorca","description":"Recomendamos realizar una medida de rehabilitaci\u00f3n tras la estancia hospitalaria, normalmente 3 semanas.","robots":{"index":"index","follow":"follow","max-snippet":"max-snippet:-1","max-image-preview":"max-image-preview:large","max-video-preview":"max-video-preview:-1"},"canonical":"https:\/\/tom-mallorca.com\/es\/nueva-cadera\/despues-intervencion\/","og_locale":"es_ES","og_type":"article","og_title":"Despu\u00e9s de la intervenci\u00f3n - Traumatologie und Orthop\u00e4die Mallorca","og_description":"Recomendamos realizar una medida de rehabilitaci\u00f3n tras la estancia hospitalaria, normalmente 3 semanas.","og_url":"https:\/\/tom-mallorca.com\/es\/nueva-cadera\/despues-intervencion\/","og_site_name":"Traumatologie und Orthop\u00e4die Mallorca","article_publisher":"https:\/\/www.facebook.com\/Mallorca-Special-Surgery-103272311971779","article_modified_time":"2023-01-03T18:36:22+00:00","twitter_card":"summary_large_image","twitter_misc":{"Tiempo de lectura":"10 minutos"},"schema":{"@context":"https:\/\/schema.org","@graph":[{"@type":"WebPage","@id":"https:\/\/tom-mallorca.com\/es\/nueva-cadera\/despues-intervencion\/","url":"https:\/\/tom-mallorca.com\/es\/nueva-cadera\/despues-intervencion\/","name":"Despu\u00e9s de la intervenci\u00f3n - Traumatologie und Orthop\u00e4die Mallorca","isPartOf":{"@id":"https:\/\/tom-mallorca.com\/es\/#website"},"datePublished":"2022-11-03T09:55:26+00:00","dateModified":"2023-01-03T18:36:22+00:00","description":"Recomendamos realizar una medida de rehabilitaci\u00f3n tras la estancia hospitalaria, normalmente 3 semanas.","breadcrumb":{"@id":"https:\/\/tom-mallorca.com\/es\/nueva-cadera\/despues-intervencion\/#breadcrumb"},"inLanguage":"es","potentialAction":[{"@type":"ReadAction","target":["https:\/\/tom-mallorca.com\/es\/nueva-cadera\/despues-intervencion\/"]}]},{"@type":"BreadcrumbList","@id":"https:\/\/tom-mallorca.com\/es\/nueva-cadera\/despues-intervencion\/#breadcrumb","itemListElement":[{"@type":"ListItem","position":1,"name":"Startseite","item":"https:\/\/tom-mallorca.com\/es\/"},{"@type":"ListItem","position":2,"name":"Nueva cadera","item":"https:\/\/tom-mallorca.com\/es\/nueva-cadera\/"},{"@type":"ListItem","position":3,"name":"Despu\u00e9s de la intervenci\u00f3n"}]},{"@type":"WebSite","@id":"https:\/\/tom-mallorca.com\/es\/#website","url":"https:\/\/tom-mallorca.com\/es\/","name":"Traumatologie und Orthop\u00e4die Mallorca","description":"Dr. Patric Garcia","publisher":{"@id":"https:\/\/tom-mallorca.com\/es\/#organization"},"potentialAction":[{"@type":"SearchAction","target":{"@type":"EntryPoint","urlTemplate":"https:\/\/tom-mallorca.com\/es\/?s={search_term_string}"},"query-input":{"@type":"PropertyValueSpecification","valueRequired":true,"valueName":"search_term_string"}}],"inLanguage":"es"},{"@type":"Organization","@id":"https:\/\/tom-mallorca.com\/es\/#organization","name":"Traumatologie und Orthop\u00e4die Mallorca","url":"https:\/\/tom-mallorca.com\/es\/","logo":{"@type":"ImageObject","inLanguage":"es","@id":"https:\/\/tom-mallorca.com\/es\/#\/schema\/logo\/image\/","url":"https:\/\/tom-mallorca.com\/new\/wp-content\/uploads\/2022\/10\/TOM_Logo_farbig-DE_RZ.png","contentUrl":"https:\/\/tom-mallorca.com\/new\/wp-content\/uploads\/2022\/10\/TOM_Logo_farbig-DE_RZ.png","width":1113,"height":590,"caption":"Traumatologie und Orthop\u00e4die Mallorca"},"image":{"@id":"https:\/\/tom-mallorca.com\/es\/#\/schema\/logo\/image\/"},"sameAs":["https:\/\/www.facebook.com\/Mallorca-Special-Surgery-103272311971779","https:\/\/www.instagram.com\/mallorcaspecialsurgery\/","https:\/\/linkedin.com\/company\/mallorca-special-surgery"]}]}},"_links":{"self":[{"href":"https:\/\/tom-mallorca.com\/es\/wp-json\/wp\/v2\/pages\/43074","targetHints":{"allow":["GET"]}}],"collection":[{"href":"https:\/\/tom-mallorca.com\/es\/wp-json\/wp\/v2\/pages"}],"about":[{"href":"https:\/\/tom-mallorca.com\/es\/wp-json\/wp\/v2\/types\/page"}],"author":[{"embeddable":true,"href":"https:\/\/tom-mallorca.com\/es\/wp-json\/wp\/v2\/users\/1"}],"replies":[{"embeddable":true,"href":"https:\/\/tom-mallorca.com\/es\/wp-json\/wp\/v2\/comments?post=43074"}],"version-history":[{"count":9,"href":"https:\/\/tom-mallorca.com\/es\/wp-json\/wp\/v2\/pages\/43074\/revisions"}],"predecessor-version":[{"id":44106,"href":"https:\/\/tom-mallorca.com\/es\/wp-json\/wp\/v2\/pages\/43074\/revisions\/44106"}],"up":[{"embeddable":true,"href":"https:\/\/tom-mallorca.com\/es\/wp-json\/wp\/v2\/pages\/43049"}],"wp:attachment":[{"href":"https:\/\/tom-mallorca.com\/es\/wp-json\/wp\/v2\/media?parent=43074"}],"curies":[{"name":"wp","href":"https:\/\/api.w.org\/{rel}","templated":true}]}}