{"id":42893,"date":"2022-10-27T14:45:42","date_gmt":"2022-10-27T12:45:42","guid":{"rendered":"https:\/\/tom-mallorca.com\/new\/impressum\/"},"modified":"2025-07-15T08:19:29","modified_gmt":"2025-07-15T06:19:29","slug":"impressum","status":"publish","type":"page","link":"https:\/\/tom-mallorca.com\/es\/impressum\/","title":{"rendered":"Aviso legal"},"content":{"rendered":"<p>[et_pb_section fb_built=\u00bb1&#8243; _builder_version=\u00bb4.18.0&#8243; _module_preset=\u00bbdefault\u00bb global_colors_info=\u00bb{}\u00bb][et_pb_row _builder_version=\u00bb4.18.0&#8243; _module_preset=\u00bbdefault\u00bb global_colors_info=\u00bb{}\u00bb][et_pb_column type=\u00bb4_4&#8243; _builder_version=\u00bb4.18.0&#8243; _module_preset=\u00bbdefault\u00bb global_colors_info=\u00bb{}\u00bb][et_pb_text _builder_version=\u00bb4.27.4&#8243; _module_preset=\u00bbdefault\u00bb header_font=\u00bb|600|||||||\u00bb header_font_size=\u00bb34px\u00bb global_colors_info=\u00bb{}\u00bb]<\/p>\n<h1 class=\"page-title\">Aviso legal<\/h1>\n<p><span>TRAUMATOLOGY ORTHOPEDICS MALLORCA, S.L.<\/span><br \/>Prof. Dr. med. Patric Garcia<br \/>Cam\u00ed dels Reis 308,\u00a0bloque A 3era planta<br \/>Planta 3, Bloque A<br \/>E-07010 Palma<\/p>\n<p>Telefono: +34 <span>871 209 056<\/span><br \/>E-Mail:<span>\u00a0<\/span><a href=\"mailto:info@tom-mallorca.com\">info@tom-mallorca.com<\/a><\/p>\n<p><strong>CIF:<\/strong> B70639943<\/p>\n<p><strong>N\u00b0 Colegiaci\u00f3n de M\u00e9dicos:<span>\u00a0<\/span><\/strong>070710257<\/p>\n<p>T\u00edtulo del trabajo: traumat\u00f3logo, ortopedista<br \/>C\u00e1mara: Colegio de M\u00e9dicos Palma<br \/>T\u00edtulo profesional otorgado en el pa\u00eds: Alemania<\/p>\n<p><strong>Derechos de imagen \/ Copyrights:<\/strong><br \/>shutterstock.com; freepik.com<\/p>\n<p>&nbsp;<\/p>\n<h2>Disclaimer \u2013 avisos legales<\/h2>\n<p>\u00a7 1 advertencia sobre el contenido<br \/>El contenido gratuito y de libre acceso de este sitio web se cre\u00f3 con el mayor cuidado posible. Sin embargo, el proveedor de este sitio web no garantiza la precisi\u00f3n ni la actualidad de las gu\u00edas y noticias period\u00edsticas gratuitas y de libre acceso proporcionadas. Las contribuciones identificadas por nombre reflejan la opini\u00f3n del autor respectivo y no siempre la opini\u00f3n del proveedor. Simplemente llamando al contenido gratuito y de libre acceso, no se establece ninguna relaci\u00f3n contractual entre el usuario y el proveedor; a este respecto, falta el compromiso legal del proveedor.<\/p>\n<p>\u00a7 2 enlaces externos<br \/>Este sitio web contiene enlaces a sitios web de terceros (\u00abenlaces externos\u00bb). Estos sitios web est\u00e1n sujetos a la responsabilidad del operador respectivo. Cuando los enlaces externos se vincularon por primera vez, el proveedor verific\u00f3 el contenido de terceros para determinar si hubo violaciones legales. Ninguna violaci\u00f3n de la ley era evidente en ese momento. El proveedor no tiene influencia en el dise\u00f1o actual y futuro ni en el contenido de las p\u00e1ginas enlazadas. La configuraci\u00f3n de enlaces externos no significa que el proveedor adopte el contenido detr\u00e1s de la referencia o enlace. Un control permanente de los enlaces externos no es razonable para el proveedor sin indicaciones concretas de violaciones legales. Con conocimiento de violaciones legales, dichos enlaces externos se eliminar\u00e1n de inmediato.<\/p>\n<p>\u00a7 3 derechos de autor y derechos auxiliares<br \/>El contenido publicado en este sitio web est\u00e1 sujeto a los derechos de autor alemanes y la ley de derechos de autor auxiliar. Cualquier uso no permitido por el derecho de autor alem\u00e1n y la ley de derechos de autor auxiliar requiere el consentimiento previo por escrito del proveedor o del titular de los derechos respectivos. Esto se aplica en particular a la duplicaci\u00f3n, edici\u00f3n, traducci\u00f3n, almacenamiento, procesamiento o reproducci\u00f3n de contenido en bases de datos u otros medios y sistemas electr\u00f3nicos. El contenido y los derechos de terceros se identifican como tales. La reproducci\u00f3n o distribuci\u00f3n no autorizada de contenido individual o p\u00e1ginas completas no est\u00e1 permitida y es punible por ley. Solo se permite la producci\u00f3n de copias y descargas para uso personal, privado y no comercial.<\/p>\n<p>La presentaci\u00f3n de este sitio web en marcos de terceros solo se permite con un permiso por escrito.<\/p>\n<p>\u00a7 4 T\u00e9rminos especiales de uso<br \/>En la medida en que las condiciones especiales para los usos individuales de este sitio web se desv\u00eden de los p\u00e1rrafos mencionados anteriormente, esto se se\u00f1ala expresamente en el lugar apropiado. En este caso, los t\u00e9rminos de uso especiales se aplican en cada caso individual.<\/p>\n<p>[\/et_pb_text][\/et_pb_column][\/et_pb_row][\/et_pb_section]<\/p>\n","protected":false},"excerpt":{"rendered":"<p>Aviso legal TRAUMATOLOGY ORTHOPEDICS MALLORCA, S.L.Prof. Dr. med. Patric GarciaCam\u00ed dels Reis 308,\u00a0bloque A 3era plantaPlanta 3, Bloque AE-07010 Palma Telefono: +34 871 209 056E-Mail:\u00a0info@tom-mallorca.com CIF: B70639943 N\u00b0 Colegiaci\u00f3n de M\u00e9dicos:\u00a0070710257 T\u00edtulo del trabajo: traumat\u00f3logo, ortopedistaC\u00e1mara: Colegio de M\u00e9dicos PalmaT\u00edtulo profesional otorgado en el pa\u00eds: Alemania Derechos de imagen \/ Copyrights:shutterstock.com; freepik.com &nbsp; Disclaimer \u2013 [&hellip;]<\/p>\n","protected":false},"author":1,"featured_media":0,"parent":0,"menu_order":0,"comment_status":"closed","ping_status":"closed","template":"","meta":{"_et_pb_use_builder":"on","_et_pb_old_content":"","_et_gb_content_width":"","footnotes":""},"class_list":["post-42893","page","type-page","status-publish","hentry"],"yoast_head":"<!-- This site is optimized with the Yoast SEO plugin v27.3 - https:\/\/yoast.com\/product\/yoast-seo-wordpress\/ -->\n<title>Aviso legal - Traumatologie und Orthop\u00e4die Mallorca<\/title>\n<meta name=\"description\" content=\"Aqu\u00ed encontrar\u00e1 toda la informaci\u00f3n legal sobre derechos de autor y etiquetado, as\u00ed como toda la informaci\u00f3n sobre la empresa.\" \/>\n<meta name=\"robots\" content=\"index, follow, max-snippet:-1, max-image-preview:large, max-video-preview:-1\" \/>\n<link rel=\"canonical\" href=\"https:\/\/tom-mallorca.com\/es\/impressum\/\" \/>\n<meta property=\"og:locale\" content=\"es_ES\" \/>\n<meta property=\"og:type\" content=\"article\" \/>\n<meta property=\"og:title\" content=\"Aviso legal - Traumatologie und Orthop\u00e4die Mallorca\" \/>\n<meta property=\"og:description\" content=\"Aqu\u00ed encontrar\u00e1 toda la informaci\u00f3n legal sobre derechos de autor y etiquetado, as\u00ed como toda la informaci\u00f3n sobre la empresa.\" \/>\n<meta property=\"og:url\" content=\"https:\/\/tom-mallorca.com\/es\/impressum\/\" \/>\n<meta property=\"og:site_name\" content=\"Traumatologie und Orthop\u00e4die Mallorca\" \/>\n<meta property=\"article:publisher\" content=\"https:\/\/www.facebook.com\/Mallorca-Special-Surgery-103272311971779\" \/>\n<meta property=\"article:modified_time\" content=\"2025-07-15T06:19:29+00:00\" \/>\n<meta name=\"twitter:card\" content=\"summary_large_image\" \/>\n<meta name=\"twitter:label1\" content=\"Tiempo de lectura\" \/>\n\t<meta name=\"twitter:data1\" content=\"3 minutos\" \/>\n<script type=\"application\/ld+json\" class=\"yoast-schema-graph\">{\"@context\":\"https:\\\/\\\/schema.org\",\"@graph\":[{\"@type\":\"WebPage\",\"@id\":\"https:\\\/\\\/tom-mallorca.com\\\/es\\\/impressum\\\/\",\"url\":\"https:\\\/\\\/tom-mallorca.com\\\/es\\\/impressum\\\/\",\"name\":\"Aviso legal - Traumatologie und Orthop\u00e4die Mallorca\",\"isPartOf\":{\"@id\":\"https:\\\/\\\/tom-mallorca.com\\\/es\\\/#website\"},\"datePublished\":\"2022-10-27T12:45:42+00:00\",\"dateModified\":\"2025-07-15T06:19:29+00:00\",\"description\":\"Aqu\u00ed encontrar\u00e1 toda la informaci\u00f3n legal sobre derechos de autor y etiquetado, as\u00ed como toda la informaci\u00f3n sobre la empresa.\",\"breadcrumb\":{\"@id\":\"https:\\\/\\\/tom-mallorca.com\\\/es\\\/impressum\\\/#breadcrumb\"},\"inLanguage\":\"es\",\"potentialAction\":[{\"@type\":\"ReadAction\",\"target\":[\"https:\\\/\\\/tom-mallorca.com\\\/es\\\/impressum\\\/\"]}]},{\"@type\":\"BreadcrumbList\",\"@id\":\"https:\\\/\\\/tom-mallorca.com\\\/es\\\/impressum\\\/#breadcrumb\",\"itemListElement\":[{\"@type\":\"ListItem\",\"position\":1,\"name\":\"Startseite\",\"item\":\"https:\\\/\\\/tom-mallorca.com\\\/es\\\/\"},{\"@type\":\"ListItem\",\"position\":2,\"name\":\"Aviso legal\"}]},{\"@type\":\"WebSite\",\"@id\":\"https:\\\/\\\/tom-mallorca.com\\\/es\\\/#website\",\"url\":\"https:\\\/\\\/tom-mallorca.com\\\/es\\\/\",\"name\":\"Traumatologie und Orthop\u00e4die Mallorca\",\"description\":\"Dr. Patric Garcia\",\"publisher\":{\"@id\":\"https:\\\/\\\/tom-mallorca.com\\\/es\\\/#organization\"},\"potentialAction\":[{\"@type\":\"SearchAction\",\"target\":{\"@type\":\"EntryPoint\",\"urlTemplate\":\"https:\\\/\\\/tom-mallorca.com\\\/es\\\/?s={search_term_string}\"},\"query-input\":{\"@type\":\"PropertyValueSpecification\",\"valueRequired\":true,\"valueName\":\"search_term_string\"}}],\"inLanguage\":\"es\"},{\"@type\":\"Organization\",\"@id\":\"https:\\\/\\\/tom-mallorca.com\\\/es\\\/#organization\",\"name\":\"Traumatologie und Orthop\u00e4die Mallorca\",\"url\":\"https:\\\/\\\/tom-mallorca.com\\\/es\\\/\",\"logo\":{\"@type\":\"ImageObject\",\"inLanguage\":\"es\",\"@id\":\"https:\\\/\\\/tom-mallorca.com\\\/es\\\/#\\\/schema\\\/logo\\\/image\\\/\",\"url\":\"https:\\\/\\\/tom-mallorca.com\\\/new\\\/wp-content\\\/uploads\\\/2022\\\/10\\\/TOM_Logo_farbig-DE_RZ.png\",\"contentUrl\":\"https:\\\/\\\/tom-mallorca.com\\\/new\\\/wp-content\\\/uploads\\\/2022\\\/10\\\/TOM_Logo_farbig-DE_RZ.png\",\"width\":1113,\"height\":590,\"caption\":\"Traumatologie und Orthop\u00e4die Mallorca\"},\"image\":{\"@id\":\"https:\\\/\\\/tom-mallorca.com\\\/es\\\/#\\\/schema\\\/logo\\\/image\\\/\"},\"sameAs\":[\"https:\\\/\\\/www.facebook.com\\\/Mallorca-Special-Surgery-103272311971779\",\"https:\\\/\\\/www.instagram.com\\\/mallorcaspecialsurgery\\\/\",\"https:\\\/\\\/linkedin.com\\\/company\\\/mallorca-special-surgery\"]}]}<\/script>\n<!-- \/ Yoast SEO plugin. -->","yoast_head_json":{"title":"Aviso legal - Traumatologie und Orthop\u00e4die Mallorca","description":"Aqu\u00ed encontrar\u00e1 toda la informaci\u00f3n legal sobre derechos de autor y etiquetado, as\u00ed como toda la informaci\u00f3n sobre la empresa.","robots":{"index":"index","follow":"follow","max-snippet":"max-snippet:-1","max-image-preview":"max-image-preview:large","max-video-preview":"max-video-preview:-1"},"canonical":"https:\/\/tom-mallorca.com\/es\/impressum\/","og_locale":"es_ES","og_type":"article","og_title":"Aviso legal - Traumatologie und Orthop\u00e4die Mallorca","og_description":"Aqu\u00ed encontrar\u00e1 toda la informaci\u00f3n legal sobre derechos de autor y etiquetado, as\u00ed como toda la informaci\u00f3n sobre la empresa.","og_url":"https:\/\/tom-mallorca.com\/es\/impressum\/","og_site_name":"Traumatologie und Orthop\u00e4die Mallorca","article_publisher":"https:\/\/www.facebook.com\/Mallorca-Special-Surgery-103272311971779","article_modified_time":"2025-07-15T06:19:29+00:00","twitter_card":"summary_large_image","twitter_misc":{"Tiempo de lectura":"3 minutos"},"schema":{"@context":"https:\/\/schema.org","@graph":[{"@type":"WebPage","@id":"https:\/\/tom-mallorca.com\/es\/impressum\/","url":"https:\/\/tom-mallorca.com\/es\/impressum\/","name":"Aviso legal - Traumatologie und Orthop\u00e4die Mallorca","isPartOf":{"@id":"https:\/\/tom-mallorca.com\/es\/#website"},"datePublished":"2022-10-27T12:45:42+00:00","dateModified":"2025-07-15T06:19:29+00:00","description":"Aqu\u00ed encontrar\u00e1 toda la informaci\u00f3n legal sobre derechos de autor y etiquetado, as\u00ed como toda la informaci\u00f3n sobre la empresa.","breadcrumb":{"@id":"https:\/\/tom-mallorca.com\/es\/impressum\/#breadcrumb"},"inLanguage":"es","potentialAction":[{"@type":"ReadAction","target":["https:\/\/tom-mallorca.com\/es\/impressum\/"]}]},{"@type":"BreadcrumbList","@id":"https:\/\/tom-mallorca.com\/es\/impressum\/#breadcrumb","itemListElement":[{"@type":"ListItem","position":1,"name":"Startseite","item":"https:\/\/tom-mallorca.com\/es\/"},{"@type":"ListItem","position":2,"name":"Aviso legal"}]},{"@type":"WebSite","@id":"https:\/\/tom-mallorca.com\/es\/#website","url":"https:\/\/tom-mallorca.com\/es\/","name":"Traumatologie und Orthop\u00e4die Mallorca","description":"Dr. Patric Garcia","publisher":{"@id":"https:\/\/tom-mallorca.com\/es\/#organization"},"potentialAction":[{"@type":"SearchAction","target":{"@type":"EntryPoint","urlTemplate":"https:\/\/tom-mallorca.com\/es\/?s={search_term_string}"},"query-input":{"@type":"PropertyValueSpecification","valueRequired":true,"valueName":"search_term_string"}}],"inLanguage":"es"},{"@type":"Organization","@id":"https:\/\/tom-mallorca.com\/es\/#organization","name":"Traumatologie und Orthop\u00e4die Mallorca","url":"https:\/\/tom-mallorca.com\/es\/","logo":{"@type":"ImageObject","inLanguage":"es","@id":"https:\/\/tom-mallorca.com\/es\/#\/schema\/logo\/image\/","url":"https:\/\/tom-mallorca.com\/new\/wp-content\/uploads\/2022\/10\/TOM_Logo_farbig-DE_RZ.png","contentUrl":"https:\/\/tom-mallorca.com\/new\/wp-content\/uploads\/2022\/10\/TOM_Logo_farbig-DE_RZ.png","width":1113,"height":590,"caption":"Traumatologie und Orthop\u00e4die Mallorca"},"image":{"@id":"https:\/\/tom-mallorca.com\/es\/#\/schema\/logo\/image\/"},"sameAs":["https:\/\/www.facebook.com\/Mallorca-Special-Surgery-103272311971779","https:\/\/www.instagram.com\/mallorcaspecialsurgery\/","https:\/\/linkedin.com\/company\/mallorca-special-surgery"]}]}},"_links":{"self":[{"href":"https:\/\/tom-mallorca.com\/es\/wp-json\/wp\/v2\/pages\/42893","targetHints":{"allow":["GET"]}}],"collection":[{"href":"https:\/\/tom-mallorca.com\/es\/wp-json\/wp\/v2\/pages"}],"about":[{"href":"https:\/\/tom-mallorca.com\/es\/wp-json\/wp\/v2\/types\/page"}],"author":[{"embeddable":true,"href":"https:\/\/tom-mallorca.com\/es\/wp-json\/wp\/v2\/users\/1"}],"replies":[{"embeddable":true,"href":"https:\/\/tom-mallorca.com\/es\/wp-json\/wp\/v2\/comments?post=42893"}],"version-history":[{"count":9,"href":"https:\/\/tom-mallorca.com\/es\/wp-json\/wp\/v2\/pages\/42893\/revisions"}],"predecessor-version":[{"id":45757,"href":"https:\/\/tom-mallorca.com\/es\/wp-json\/wp\/v2\/pages\/42893\/revisions\/45757"}],"wp:attachment":[{"href":"https:\/\/tom-mallorca.com\/es\/wp-json\/wp\/v2\/media?parent=42893"}],"curies":[{"name":"wp","href":"https:\/\/api.w.org\/{rel}","templated":true}]}}